{"id":5449,"date":"2019-07-23T17:33:49","date_gmt":"2019-07-23T15:33:49","guid":{"rendered":"https:\/\/arminwatch.com\/product\/mae-nam\/"},"modified":"2019-07-23T17:33:49","modified_gmt":"2019-07-23T15:33:49","slug":"veille-1","status":"publish","type":"product","link":"https:\/\/arminwatch.com\/fr\/produit\/veille-1\/","title":{"rendered":"Mae &#8211; nam"},"content":{"rendered":"<p>\u00ab\u00a0Une montre qui a de la personnalit\u00e9<\/p>\n<p>DESCRIPTION<\/p>\n<p>Montre automatique unisexe d&rsquo;un diam\u00e8tre de 42 mm, ce magnifique chef-d&rsquo;\u0153uvre est le fruit d&rsquo;un travail de longue haleine.<br \/>\n\u0153uvre de longue date de son PDG Armin, cette magnifique pi\u00e8ce a \u00e9t\u00e9 con\u00e7ue dans les montagnes.<br \/>\nneuch\u00e2teloise son double pendule exprime toutes ses forces en montrant son c\u0153ur ouvert qui bat \u00e0 tout va<br \/>\nr\u00e9gime de sa ligne \u00e9l\u00e9gante, son bracelet en cuir reliant le bo\u00eetier de la montre est une signature digne de la marque.<br \/>\nl&rsquo;horlogerie de haute qualit\u00e9.<\/p>\n<h4>D\u00e9tails du produit<\/h4>\n<ul>\n<li>Montre noire MAE_NAM<\/li>\n<li>Taille 42mm<\/li>\n<li>Bracelet en cuir<\/li>\n<li>\u00c9tanch\u00e9it\u00e9 : 5 atm (50 m\u00e8tres)<\/li>\n<li>Mouvement m\u00e9canique \u00e0 remontage manuel<\/li>\n<li>Fonction heures, minutes<\/li>\n<li>Traitement : PVD noir<\/li>\n<li>Couronne : grav\u00e9e d&rsquo;un embl\u00e8me<\/li>\n<li>Caract\u00e9ristique : vis bleuie<\/li>\n<li>Ann\u00e9e : 2023<\/li>\n<li>Collection : Edition limit\u00e9e<\/li>\n<\/ul>\n","protected":false},"excerpt":{"rendered":"<p>Montre automatique unisexe d&rsquo;un diam\u00e8tre de 42 mm, ce magnifique chef-d&rsquo;\u0153uvre est le fruit d&rsquo;un travail de longue haleine.<br \/>\ntravail de longue dur\u00e9e&#8230;<\/p>\n","protected":false},"featured_media":5178,"comment_status":"open","ping_status":"closed","template":"","meta":[],"product_cat":[196,197],"product_tag":[204,198],"class_list":["post-5449","product","type-product","status-publish","has-post-thumbnail","hentry","product_cat-accessoires","product_cat-regarder","product_tag-accessoires","product_tag-decoration-fr"],"jetpack_sharing_enabled":true,"_links":{"self":[{"href":"https:\/\/arminwatch.com\/fr\/wp-json\/wp\/v2\/product\/5449","targetHints":{"allow":["GET"]}}],"collection":[{"href":"https:\/\/arminwatch.com\/fr\/wp-json\/wp\/v2\/product"}],"about":[{"href":"https:\/\/arminwatch.com\/fr\/wp-json\/wp\/v2\/types\/product"}],"replies":[{"embeddable":true,"href":"https:\/\/arminwatch.com\/fr\/wp-json\/wp\/v2\/comments?post=5449"}],"wp:featuredmedia":[{"embeddable":true,"href":"https:\/\/arminwatch.com\/fr\/wp-json\/wp\/v2\/media\/5178"}],"wp:attachment":[{"href":"https:\/\/arminwatch.com\/fr\/wp-json\/wp\/v2\/media?parent=5449"}],"wp:term":[{"taxonomy":"product_cat","embeddable":true,"href":"https:\/\/arminwatch.com\/fr\/wp-json\/wp\/v2\/product_cat?post=5449"},{"taxonomy":"product_tag","embeddable":true,"href":"https:\/\/arminwatch.com\/fr\/wp-json\/wp\/v2\/product_tag?post=5449"}],"curies":[{"name":"wp","href":"https:\/\/api.w.org\/{rel}","templated":true}]}}