{"id":5443,"date":"2019-07-23T17:18:45","date_gmt":"2019-07-23T15:18:45","guid":{"rendered":"https:\/\/arminwatch.com\/product\/plage-dargent\/"},"modified":"2023-10-25T07:14:44","modified_gmt":"2023-10-25T05:14:44","slug":"plage-argentee","status":"publish","type":"product","link":"https:\/\/arminwatch.com\/fr\/produit\/plage-argentee\/","title":{"rendered":"Plage d&rsquo;argent"},"content":{"rendered":"<p>\u00ab\u00a0Une montre qui a de la personnalit\u00e9<\/p>\n<p>Description<\/p>\n<p>Description : Cette montre est le r\u00e9sultat d&rsquo;une collaboration n\u00e9e avec l&rsquo;ambassadeur de notre marque.<br \/>\nAndrea Gebauer Miss Lischtensetin, les pierres swaroswki soulignent l&rsquo;\u00e9l\u00e9gance de la montre,<br \/>\nson c\u0153ur ouvert \u00e0 18 heures exprime la force f\u00e9minine, chaque d\u00e9tail imagin\u00e9 est mis en valeur, symbole de la force f\u00e9minine.<br \/>\nla puret\u00e9.<br \/>\nCette montre est livr\u00e9e avec un bracelet suppl\u00e9mentaire gratuit.<\/p>\n<h4>D\u00e9tails du produit<\/h4>\n<p>Montre No-I<\/p>\n<ul>\n<li>Taille 33mm<\/li>\n<li>Bracelet : cuir et m\u00e9tal<\/li>\n<li>\u00c9tanch\u00e9it\u00e9 : 5 atm 50 m\u00e8tres<\/li>\n<li>Mouvement m\u00e9canique \u00e0 remontage manuel<\/li>\n<li>Fonction heures, minutes<\/li>\n<li>Cadran : Pierre Swarowski<\/li>\n<li>Couronne : grav\u00e9e d&rsquo;un embl\u00e8me<\/li>\n<li>Ann\u00e9e : 2023<\/li>\n<li>Collection : Edition limit\u00e9e<\/li>\n<\/ul>\n","protected":false},"excerpt":{"rendered":"<p>Cette montre est le fruit d&rsquo;une collaboration n\u00e9e avec notre ambassadeur de marque<br \/>\nAndrea Gebauer Miss&#8230;<\/p>\n","protected":false},"featured_media":5182,"comment_status":"open","ping_status":"closed","template":"","meta":[],"product_cat":[196,197],"product_tag":[198],"class_list":["post-5443","product","type-product","status-publish","has-post-thumbnail","hentry","product_cat-accessoires","product_cat-regarder","product_tag-decoration-fr"],"jetpack_sharing_enabled":true,"_links":{"self":[{"href":"https:\/\/arminwatch.com\/fr\/wp-json\/wp\/v2\/product\/5443","targetHints":{"allow":["GET"]}}],"collection":[{"href":"https:\/\/arminwatch.com\/fr\/wp-json\/wp\/v2\/product"}],"about":[{"href":"https:\/\/arminwatch.com\/fr\/wp-json\/wp\/v2\/types\/product"}],"replies":[{"embeddable":true,"href":"https:\/\/arminwatch.com\/fr\/wp-json\/wp\/v2\/comments?post=5443"}],"wp:featuredmedia":[{"embeddable":true,"href":"https:\/\/arminwatch.com\/fr\/wp-json\/wp\/v2\/media\/5182"}],"wp:attachment":[{"href":"https:\/\/arminwatch.com\/fr\/wp-json\/wp\/v2\/media?parent=5443"}],"wp:term":[{"taxonomy":"product_cat","embeddable":true,"href":"https:\/\/arminwatch.com\/fr\/wp-json\/wp\/v2\/product_cat?post=5443"},{"taxonomy":"product_tag","embeddable":true,"href":"https:\/\/arminwatch.com\/fr\/wp-json\/wp\/v2\/product_tag?post=5443"}],"curies":[{"name":"wp","href":"https:\/\/api.w.org\/{rel}","templated":true}]}}