{"id":5527,"date":"2023-10-28T13:48:46","date_gmt":"2023-10-28T11:48:46","guid":{"rendered":"https:\/\/arminwatch.com\/legal-notice\/"},"modified":"2023-10-28T14:15:07","modified_gmt":"2023-10-28T12:15:07","slug":"legal-notice","status":"publish","type":"page","link":"https:\/\/arminwatch.com\/fr\/legal-notice\/","title":{"rendered":"Legal Notice"},"content":{"rendered":"\n<p>\u00c9DITEUR MENTIONS L\u00c9GALES<\/p>\n\n\n\n<p>\u00c9DITEUR<\/p>\n\n\n\n<p>ROUART D COR SARL<br>Armin Arnautovic<br>Administration<br>Rue Fritz-Courvoisier 105, 2300 La Chaux-de-Fonds<br>T\u00e9l\u00e9phone : T\u00e9l. : +41 (0) 78 742 82 10<\/p>\n\n\n\n<p>Contact<\/p>\n\n\n\n<p>Directeur de la publication : Armin Arnautovic<br>Responsable \u00e9ditorial : Armin Arnautovic<br>Responsable des donn\u00e9es collect\u00e9es : Armin Arnautovic<br>info@arminwatch.com<\/p>\n\n\n\n<p>H\u00f4te<br>OVH SAS est une filiale de la soci\u00e9t\u00e9 OVH Groupe SA, soci\u00e9t\u00e9 immatricul\u00e9e au RCS de Lille sous le num\u00e9ro 537 407 926 sise au 2, rue Kellermann, 59100 Roubaix.<\/p>\n\n\n\n<p>Modification des mentions l\u00e9gales :<\/p>\n\n\n\n<p>Date de derni\u00e8re mise \u00e0 jour : 28.10.23<\/p>\n\n\n\n<p>\u00c9DITEUR<\/p>\n\n\n\n<p>ROUART D COR SARL<br>Armin Arnautovic<br>Administration<br>Rue Fritz-Courvoisier 105, 2300 La Chaux-de-Fonds<br>T\u00e9l\u00e9phone : T\u00e9l. : +41 (0) 78 742 82 10<\/p>\n\n\n\n<p>Contact<\/p>\n\n\n\n<p>Directeur de la publication : Armin Arnautovic<br>Responsable \u00e9ditorial : Armin Arnautovic<br>Responsable des donn\u00e9es collect\u00e9es : Armin Arnautovic<br>info@arminwatch.com<\/p>\n\n\n\n<p>H\u00f4te<br>OVH SAS est une filiale de la soci\u00e9t\u00e9 OVH Groupe SA, soci\u00e9t\u00e9 immatricul\u00e9e au RCS de Lille sous le num\u00e9ro 537 407 926 sise au 2, rue Kellermann, 59100 Roubaix.<\/p>\n\n\n\n<p>Modification des mentions l\u00e9gales :<\/p>\n\n\n\n<p>Date de derni\u00e8re mise \u00e0 jour : 28.10.23<\/p>\n","protected":false},"excerpt":{"rendered":"<p>\u00c9DITEUR MENTIONS L\u00c9GALES \u00c9DITEUR ROUART D COR SARLArmin ArnautovicAdministrationRue Fritz-Courvoisier 105, 2300 La Chaux-de-FondsT\u00e9l\u00e9phone : T\u00e9l. : +41 (0) 78 742 82 10 Contact Directeur de la publication : Armin ArnautovicResponsable \u00e9ditorial : Armin ArnautovicResponsable des donn\u00e9es collect\u00e9es : Armin Arnautovicinfo@arminwatch.com H\u00f4teOVH SAS est une filiale de la soci\u00e9t\u00e9 OVH [&hellip;]<\/p>\n","protected":false},"author":1,"featured_media":0,"parent":0,"menu_order":0,"comment_status":"closed","ping_status":"closed","template":"","meta":{"footnotes":""},"class_list":["post-5527","page","type-page","status-publish","hentry"],"jetpack_sharing_enabled":true,"_links":{"self":[{"href":"https:\/\/arminwatch.com\/fr\/wp-json\/wp\/v2\/pages\/5527","targetHints":{"allow":["GET"]}}],"collection":[{"href":"https:\/\/arminwatch.com\/fr\/wp-json\/wp\/v2\/pages"}],"about":[{"href":"https:\/\/arminwatch.com\/fr\/wp-json\/wp\/v2\/types\/page"}],"author":[{"embeddable":true,"href":"https:\/\/arminwatch.com\/fr\/wp-json\/wp\/v2\/users\/1"}],"replies":[{"embeddable":true,"href":"https:\/\/arminwatch.com\/fr\/wp-json\/wp\/v2\/comments?post=5527"}],"version-history":[{"count":2,"href":"https:\/\/arminwatch.com\/fr\/wp-json\/wp\/v2\/pages\/5527\/revisions"}],"predecessor-version":[{"id":5533,"href":"https:\/\/arminwatch.com\/fr\/wp-json\/wp\/v2\/pages\/5527\/revisions\/5533"}],"wp:attachment":[{"href":"https:\/\/arminwatch.com\/fr\/wp-json\/wp\/v2\/media?parent=5527"}],"curies":[{"name":"wp","href":"https:\/\/api.w.org\/{rel}","templated":true}]}}