{"id":5513,"date":"2023-10-26T11:47:50","date_gmt":"2023-10-26T09:47:50","guid":{"rendered":"https:\/\/arminwatch.com\/refund-and-returns-policy\/"},"modified":"2023-10-26T12:13:55","modified_gmt":"2023-10-26T10:13:55","slug":"refund-and-returns-policy","status":"publish","type":"page","link":"https:\/\/arminwatch.com\/fr\/refund-and-returns-policy\/","title":{"rendered":"Retours et droit de r\u00e9tractation"},"content":{"rendered":"\n<p>Retours et droit de r\u00e9tractation<\/p>\n\n\n\n<p>Si vous n\u2019\u00eates pas compl\u00e8tement satisfait de votre commande, vous disposez d\u2019un d\u00e9lai de quatorze jours pour nous la retourner. Pass\u00e9 ce d\u00e9lai nous nous r\u00e9servons le droit de ne pas accepter votre retour. Il vous faut nous pr\u00e9venir du retour par mail \u00e0 l\u2019adresse suivante : info@arminwatch.com ou en utilisant le formulaire de contact pr\u00e9sent sur le site. Le retour est compl\u00e8tement \u00e0 la charge du client et le remboursement sera effectu\u00e9 d\u00e8s r\u00e9ception de celui-ci (frais d\u2019exp\u00e9dition pour l\u2019envoi d\u00e9duits) via le mode de paiement choisi lors de votre commande. L\u2019utilisateur doit conserver pr\u00e9cieusement la preuve d\u2019envoi de son retour. Aucun autre moyen de remboursement ne sera accept\u00e9 et nous vous pr\u00e9viendrons par mail, \u00e0 l\u2019adresse renseign\u00e9e par vos soins lors du remboursement. Le retour doit \u00eatre exp\u00e9di\u00e9 \u00e0 l\u2019adresse suivante : ROULART D COR SARL, Rue Fritz-Courvoisier 105, 2300 La Chaux-de-Fonds, Suisse. Une preuve d\u2019envoi doit \u00eatre remise en cas de r\u00e9clamation du retour.<\/p>\n\n\n\n<p>Pour des raisons \u00e9cologiques vous ne recevez pas directement le formulaire de r\u00e9tractation en version papier mais vous pouvez le faire via le formulaire de r\u00e9clamation, ou le demander par email via le formulaire de contact.<\/p>\n\n\n\n<p>Pass\u00e9 le d\u00e9lai de quatorze jours le retour ne peut plus \u00eatre accept\u00e9, en achetant sur https:\/\/arminwatch.com, vous achetez un bijou\/accessoire fantaisie. Une usure normale ou une casse ne peut \u00eatre reprise car il ne s\u2019agit pas de produits haute gamme.<\/p>\n\n\n\n<p>En cas de retour, le client doit pr\u00e9venir Armin Watch par mail \u00e0 l\u2019adresse suivante : info@arminwatch.com ou en utilisant le formulaire de r\u00e9clamation pr\u00e9sent sur le site. Le retour de la box doit se faire dans son int\u00e9gralit\u00e9 et dans son conditionnement \/ emballage original suivant les conditions de retours pr\u00e9c\u00e9demment d\u00e9crites sur les conditions g\u00e9n\u00e9rales de vente du site internet https:\/\/arminwatch.com\/. Toute box incompl\u00e8te, ouverte, avec des produits port\u00e9s et us\u00e9s ne sera ni reprise, ni \u00e9chang\u00e9e, ni rembours\u00e9e. Si toutefois vous rencontrez un souci, d\u00e9faut de fabrication sur un bijoux, il faut nous le signaler par mail avant un d\u00e9lai de 14 jours avec les photos les plus d\u00e9taill\u00e9es possible. Celui-ci sera examin\u00e9 et une solution adapt\u00e9e \u00e0 la situation sera trouv\u00e9e en fonction du probl\u00e8me.<\/p>\n","protected":false},"excerpt":{"rendered":"<p>Retours et droit de r\u00e9tractation Si vous n\u2019\u00eates pas compl\u00e8tement satisfait de votre commande, vous disposez d\u2019un d\u00e9lai de quatorze jours pour nous la retourner. Pass\u00e9 ce d\u00e9lai nous nous r\u00e9servons le droit de ne pas accepter votre retour. Il vous faut nous pr\u00e9venir du retour par mail \u00e0 l\u2019adresse [&hellip;]<\/p>\n","protected":false},"author":1,"featured_media":0,"parent":0,"menu_order":0,"comment_status":"closed","ping_status":"closed","template":"","meta":{"footnotes":""},"class_list":["post-5513","page","type-page","status-publish","hentry"],"jetpack_sharing_enabled":true,"_links":{"self":[{"href":"https:\/\/arminwatch.com\/fr\/wp-json\/wp\/v2\/pages\/5513","targetHints":{"allow":["GET"]}}],"collection":[{"href":"https:\/\/arminwatch.com\/fr\/wp-json\/wp\/v2\/pages"}],"about":[{"href":"https:\/\/arminwatch.com\/fr\/wp-json\/wp\/v2\/types\/page"}],"author":[{"embeddable":true,"href":"https:\/\/arminwatch.com\/fr\/wp-json\/wp\/v2\/users\/1"}],"replies":[{"embeddable":true,"href":"https:\/\/arminwatch.com\/fr\/wp-json\/wp\/v2\/comments?post=5513"}],"version-history":[{"count":4,"href":"https:\/\/arminwatch.com\/fr\/wp-json\/wp\/v2\/pages\/5513\/revisions"}],"predecessor-version":[{"id":5517,"href":"https:\/\/arminwatch.com\/fr\/wp-json\/wp\/v2\/pages\/5513\/revisions\/5517"}],"wp:attachment":[{"href":"https:\/\/arminwatch.com\/fr\/wp-json\/wp\/v2\/media?parent=5513"}],"curies":[{"name":"wp","href":"https:\/\/api.w.org\/{rel}","templated":true}]}}