{"id":5496,"date":"2023-09-19T07:27:41","date_gmt":"2023-09-19T05:27:41","guid":{"rendered":"https:\/\/arminwatch.com\/conditions-generales-de-vente-cgv-2\/"},"modified":"2023-10-26T10:05:47","modified_gmt":"2023-10-26T08:05:47","slug":"conditions-generales-de-vente-cgv-2","status":"publish","type":"page","link":"https:\/\/arminwatch.com\/fr\/conditions-generales-de-vente-cgv-2\/","title":{"rendered":"Conditions g\u00e9n\u00e9rales de vente (CGV)"},"content":{"rendered":"\n<p>Conditions g\u00e9n\u00e9rales de vente (CGV)<\/p>\n\n<ul class=\"wp-block-list\">\n<li><strong>Domaine d&rsquo;application<\/strong><br\/>Ce shop en ligne est exploit\u00e9 par Armin Aurnutovic. Les pr\u00e9sentes Conditions g\u00e9n\u00e9rales de vente s&rsquo;appliquent \u00e0 tous les contrats conclus entre vous en votre qualit\u00e9 de client (vous, vos) et nous en notre qualit\u00e9 d&rsquo;exploitants du shop en ligne <a href=\"https:\/\/arminwatch.com\/fr\/\">https:\/\/arminwatch.com\/<\/a> (ci-apr\u00e8s : nous, nos). Dans le cadre des op\u00e9rations de commande, vous reconnaissez les CGV dans leur version en vigueur au moment de la passation de votre commande. Pour rev\u00eatir un caract\u00e8re obligatoire, toutes conventions orales ou t\u00e9l\u00e9phoniques doivent \u00eatre confirm\u00e9es par \u00e9crit. Cette exigence de la forme \u00e9crite est \u00e9galement satisfaite quand une d\u00e9claration est contenue dans un email.<\/li>\n\n\n\n<li><strong>Compatibilit\u00e9<\/strong><br\/>La repr\u00e9sentation des produits sur la boutique en ligne ne nous engage pas l\u00e9galement et ne constitue qu&rsquo;un catalogue en ligne sans engagement. Si vous ne faites qu&rsquo;ajouter des produits dans le \u00ab\u00a0panier\u00a0\u00bb, cela ne constitue pas une commande obligatoire. Une commande des produits contenus dans le panier ne devient obligatoire que lorsque vous cliquez sur le bouton \u00ab\u00a0Commander\u00a0\u00bb de la page de commande. La bonne r\u00e9ception de cette commande est imm\u00e9diatement confirm\u00e9e par un e-mail automatique et constitue un accord contractuel. Le consentement est exprim\u00e9 sous r\u00e9serve de la recevabilit\u00e9 juridique et de la disponibilit\u00e9 de la marchandise command\u00e9e. Si nous ne pouvons pas donner suite \u00e0 votre commande, vous recevrez une notification de non disponibilit\u00e9. Les annonces de disponibilit\u00e9s sur le shop servent d&rsquo;information mais pas de confirmation de livraison et il se peut qu&rsquo;elles s&rsquo;av\u00e8rent incorrectes. Le prix d\u00e9cisif est celui inscrit au moment de la conclusion de la commande.<\/li>\n\n\n\n<li><strong>Exactitude de la facturation et des informations de compte<\/strong><br\/>Nous nous r\u00e9servons le droit de refuser toute commande que vous passez aupr\u00e8s de nous. Nous pourrions, \u00e0 notre seule discr\u00e9tion, r\u00e9duire ou annuler les quantit\u00e9s achet\u00e9es par personne, par foyer ou par commande. Ces restrictions pourraient inclure des commandes pass\u00e9es par ou depuis le m\u00eame compte client, la m\u00eame carte de cr\u00e9dit, et\/ou des commandes qui utilisent la m\u00eame adresse de facturation et\/ou d&rsquo;exp\u00e9dition. Dans le cas o\u00f9 nous modifierions une commande ou si nous venions \u00e0 l&rsquo;annuler, nous pourrions tenter de vous avertir en vous contactant \u00e0 l&rsquo;e-mail et\/ou \u00e0 l&rsquo;adresse de facturation\/au num\u00e9ro de t\u00e9l\u00e9phone fourni au moment o\u00f9 la commande a \u00e9t\u00e9 pass\u00e9e. Nous nous r\u00e9servons le droit de limiter ou d&rsquo;interdire les commandes qui, \u00e0 notre seul jugement, pourraient sembler provenir de marchands, de revendeurs ou de distributeurs. Vous acceptez de fournir des informations de commande et de compte \u00e0 jour, compl\u00e8tes et exactes pour toutes les commandes pass\u00e9es sur notre boutique. Vous vous engagez \u00e0 mettre \u00e0 jour rapidement votre compte et vos autres informations, y compris votre adresse e-mail, vos num\u00e9ros de cartes de cr\u00e9dit et dates d&rsquo;expiration, pour que nous puissions compl\u00e9ter vos transactions et vous contacter si n\u00e9cessaire.<\/li>\n\n\n\n<li><strong>R\u00e9serve de propri\u00e9t\u00e9 et r\u00e9siliation du contrat et modifications<\/strong><br\/>Nous gardons la propri\u00e9t\u00e9 de la marchandise jusqu&rsquo;au paiement complet de celle-ci. Si vous deviez aller \u00e0 l&rsquo;encontre du contrat, par exemple si vous ne r\u00e9agissez pas \u00e0 un rappel de paiement, nous pouvons, apr\u00e8s un certain d\u00e9lai, nous retirer du contrat et exiger le retour de la marchandise encore en votre possession. Nous nous gardons le droit de ne pas conclure de contrat suite \u00e0 des r\u00e9sultats n\u00e9gatifs \u00e0 un test de solvabilit\u00e9. Les bons d&rsquo;achat achet\u00e9s ne peuvent pas \u00eatre retourn\u00e9s et rembours\u00e9s.<\/li>\n\n\n\n<li><strong>\u00c9ch\u00e9ance et paiement<\/strong><br\/>Nous acceptons uniquement les modes de paiement mentionn\u00e9s dans la proc\u00e9dure de commande. Le prix d&rsquo;achat ainsi que les frais de livraison sont valables d\u00e8s la conclusion du contrat.<br\/>La commande ne sera trait\u00e9e qu&rsquo;apr\u00e8s la r\u00e9ception du paiement. Vos articles sont r\u00e9serv\u00e9s pendant 7 jours. Pass\u00e9 se d\u00e9lais nous annulerons votre commande.<\/li>\n\n\n\n<li><strong>Garantie et responsabilit\u00e9<\/strong><br\/>Si les marchandises livr\u00e9es sont incompl\u00e8tes ou d\u00e9t\u00e9rior\u00e9es, p.ex d\u00e9faut d&rsquo;un produit ou erreur de livraison, nous veillerons \u00e0 y rem\u00e9dier par un remboursement pour les produits manquants ou endommag\u00e9s une fois les articles retourn\u00e9s \u00e0 nos frais. Notre responsabilit\u00e9 pour nos propres erreurs, ainsi que celles de nos employ\u00e9s et mandataires se limite \u00e0 la partie \u00e9nonc\u00e9e ci-dessus.<\/li>\n\n\n\n<li><strong>Liens de tiers<\/strong><br\/>Certains contenus, produits et services disponibles par le biais de notre Service pourraient inclure des \u00e9l\u00e9ments provenant de tierces parties. Les liens provenant de tierces parties sur ce site pourraient vous rediriger vers des sites web de tiers qui ne sont pas affili\u00e9s \u00e0 nous. Nous ne sommes pas tenus d&rsquo;examiner ou d&rsquo;\u00e9valuer le contenu ou l&rsquo;exactitude de ces sites, et nous ne garantissons pas et n&rsquo;assumons aucune responsabilit\u00e9 quant \u00e0 tout contenu, site web, produit, service ou autre \u00e9l\u00e9ment accessible sur ou depuis ces sites tiers. Nous ne sommes pas responsables des pr\u00e9judices ou dommages li\u00e9s \u00e0 l&rsquo;achat ou \u00e0 l&rsquo;utilisation de biens, de services, de ressources, de contenu, ou de toute autre transaction effectu\u00e9e en rapport avec ces sites web de tiers. Veuillez lire attentivement les politiques et pratiques des tierces parties et assurez-vous de bien les comprendre avant de vous engager dans toute transaction. Les plaintes, r\u00e9clamations, pr\u00e9occupations, ou questions concernant les produits de ces tiers doivent \u00eatre soumises \u00e0 ces m\u00eames tiers.<\/li>\n\n\n\n<li><strong>4.Livraisons<\/strong> Il existe plusieurs modes de livraison sur l&rsquo;e-shop www.anasgifts.ch. : l&rsquo;envoi de votre colis via le service de la poste \u00e0 l&rsquo;adresse mentionn\u00e9e sur votre compte dans le champ \u00ab\u00a0adresse de livraison\u00a0\u00bb ou le d\u00e9p\u00f4t de votre commande dans un point de retrait. Une fois le mode de livraison choisi et la commande effectu\u00e9e et valid\u00e9e par vos soins, il n&rsquo;est plus possible de modifier celui-ci. Le colis sera livr\u00e9 dans le d\u00e9lais mentionner lors de finalisation de la commande (jours ouvrables) apr\u00e8s la r\u00e9ception du paiement. Afin que la livraison soit correctement effectu\u00e9e le client assure avoir communiqu\u00e9 les informations exactes de son lieu de livraison. Exemple : n\u00b0 de b\u00e2timent, rue, ville, pays. En cas de commande de plusieurs produits, Armin Watch se r\u00e9serve le droit de scinder votre commande en diff\u00e9rents colis. En cas de colis endommag\u00e9, le client s&rsquo;engage \u00e0 pr\u00e9venir directement dans un d\u00e9lai de 48h le transporteur et le site e-commerce. Pour les livraisons \u00e0 l&rsquo;international, le client s&rsquo;engage \u00e0 payer les \u00e9ventuelles taxes et frais de douane. Armin Watch ne peut \u00eatre tenu responsable des retards de livraison caus\u00e9s par l&rsquo;organisme de livraison. (gr\u00e8ves, etc &#8230;) Ainsi que de la destruction compl\u00e8te ou partielle de votre colis. (colis ouvert, produit cass\u00e9 par la m\u00e9thode de livraison). Nous emballons vos produits avec soins.<\/li>\n\n\n\n<li><strong>Utilisations interdites<\/strong><br\/>En plus des interdictions \u00e9nonc\u00e9es dans les Conditions G\u00e9n\u00e9rales de Vente et d&rsquo;Utilisation, il vous est interdit d&rsquo;utiliser le site ou son contenu : (a) \u00e0 des fins ill\u00e9gales ; (b) pour inciter des tiers \u00e0 r\u00e9aliser des actes ill\u00e9gaux ou \u00e0 y prendre part ; (c) pour enfreindre toute ordonnance r\u00e9gionale ou toute loi, r\u00e8gle ou r\u00e9gulation internationale, f\u00e9d\u00e9rale, provinciale ou \u00e9tatique ; (d) pour porter atteinte \u00e0 ou violer nos droits de propri\u00e9t\u00e9 intellectuelle ou ceux de tierces parties ; (e) pour harceler, maltraiter, insulter, blesser, diffamer, calomnier, d\u00e9nigrer, intimider ou discriminer quiconque en fonction du sexe, de l&rsquo;orientation sexuelle, de la religion, de l&rsquo;origine ethnique, de la race, de l&rsquo;\u00e2ge, de l&rsquo;origine nationale, ou d&rsquo;un handicap ; (f) pour soumettre des renseignements faux ou trompeurs ; (g) pour t\u00e9l\u00e9verser ou transmettre des virus ou tout autre type de code malveillant qui sera ou pourrait \u00eatre utilis\u00e9 de mani\u00e8re \u00e0 compromettre la fonctionnalit\u00e9 ou le fonctionnement du Service ou de tout autre site web associ\u00e9, ind\u00e9pendant, ou d&rsquo;Internet ; (h) pour recueillir ou suivre les renseignements personnels d&rsquo;autrui ; (i) pour polluposter, hame\u00e7onner, d\u00e9tourner un domaine, extorquer des informations, parcourir, explorer ou balayer le web (ou toute autre ressource) ; (j) \u00e0 des fins obsc\u00e8nes ou immorales ; ou (k) pour porter atteinte ou contourner les mesures de s\u00e9curit\u00e9 de notre Service, de tout autre site web, ou d&rsquo;Internet. Nous nous r\u00e9servons le droit de r\u00e9silier votre utilisation du Service ou de tout site web connexe pour avoir enfreint les utilisations interdites.<\/li>\n\n\n\n<li><strong>\u00c9valuations des clients<\/strong><br\/>Les commentaires r\u00e9dig\u00e9s au sujet de nos produits sur notre site web nous donnent le droit \u00e0 une utilisation exclusive et illimit\u00e9e de ceux-ci. Nous nous r\u00e9servons le droit d&rsquo;afficher une \u00e9valuation que pour une courte dur\u00e9e, en version courte ou de ne pas l&rsquo;afficher du tout. Une \u00e9valuation d&rsquo;un client ne donne que l&rsquo;avis d&rsquo;un client et ne correspond pas forc\u00e9ment \u00e0 notre conception des choses.<\/li>\n\n\n\n<li><strong>Tribunal comp\u00e9tent<\/strong><br\/>Notre activit\u00e9 commerciale est r\u00e9gie exclusivement par le droit suisse. L&rsquo;inefficacit\u00e9 de quelques dispositions particuli\u00e8res des conditions du contrat ne conduit pas \u00e0 l&rsquo;inefficacit\u00e9 de tout le contrat.<\/li>\n<\/ul>\n","protected":false},"excerpt":{"rendered":"<p>Conditions g\u00e9n\u00e9rales de vente (CGV)<\/p>\n","protected":false},"author":1,"featured_media":0,"parent":0,"menu_order":0,"comment_status":"closed","ping_status":"open","template":"","meta":{"footnotes":""},"class_list":["post-5496","page","type-page","status-publish","hentry"],"jetpack_sharing_enabled":true,"_links":{"self":[{"href":"https:\/\/arminwatch.com\/fr\/wp-json\/wp\/v2\/pages\/5496","targetHints":{"allow":["GET"]}}],"collection":[{"href":"https:\/\/arminwatch.com\/fr\/wp-json\/wp\/v2\/pages"}],"about":[{"href":"https:\/\/arminwatch.com\/fr\/wp-json\/wp\/v2\/types\/page"}],"author":[{"embeddable":true,"href":"https:\/\/arminwatch.com\/fr\/wp-json\/wp\/v2\/users\/1"}],"replies":[{"embeddable":true,"href":"https:\/\/arminwatch.com\/fr\/wp-json\/wp\/v2\/comments?post=5496"}],"version-history":[{"count":2,"href":"https:\/\/arminwatch.com\/fr\/wp-json\/wp\/v2\/pages\/5496\/revisions"}],"predecessor-version":[{"id":5498,"href":"https:\/\/arminwatch.com\/fr\/wp-json\/wp\/v2\/pages\/5496\/revisions\/5498"}],"wp:attachment":[{"href":"https:\/\/arminwatch.com\/fr\/wp-json\/wp\/v2\/media?parent=5496"}],"curies":[{"name":"wp","href":"https:\/\/api.w.org\/{rel}","templated":true}]}}