{"id":5290,"date":"2019-07-20T00:10:26","date_gmt":"2019-07-19T22:10:26","guid":{"rendered":"https:\/\/arminwatch.com\/index.php\/politique-de-confidentialite\/"},"modified":"2023-10-25T08:50:50","modified_gmt":"2023-10-25T06:50:50","slug":"politique-de-confidentialite","status":"publish","type":"page","link":"https:\/\/arminwatch.com\/fr\/politique-de-confidentialite\/","title":{"rendered":"Politique de confidentialit\u00e9"},"content":{"rendered":"\n<p>La pr\u00e9sente politique de confidentialit\u00e9 d\u00e9crit la mani\u00e8re dont nous recueillons, utilisons, traitons et prot\u00e9geons vos donn\u00e9es \u00e0 caract\u00e8re personnel lorsque vous utilisez notre site web. Veuillez lire attentivement cette politique de confidentialit\u00e9 avant d&rsquo;utiliser notre site. La pr\u00e9sente d\u00e9claration se fonde sur le r\u00e8glement europ\u00e9en sur la protection des donn\u00e9es (GDPR) et la nouvelle loi suisse sur la protection des donn\u00e9es (nLPD). Il est tr\u00e8s important pour nous de veiller \u00e0 ce que les donn\u00e9es de nos clients soient trait\u00e9es dans le respect de leur vie priv\u00e9e. Nous imposons une transparence totale \u00e0 ce sujet.<\/p>\n\n<p>Qui sommes-nous ?<br\/>Notre site web est le suivant <a href=\"https:\/\/arminwatch.com\/fr\/\">: https:\/\/arminwatch.com\/<\/a><\/p>\n\n<ol class=\"wp-block-list\">\n<li>Collecte de donn\u00e9es \u00e0 caract\u00e8re personnel<br\/>Nous pouvons collecter des donn\u00e9es personnelles vous concernant lorsque vous utilisez des formulaires sur notre site web, y compris, sans s&rsquo;y limiter, votre nom, votre adresse \u00e9lectronique, votre adresse physique, votre num\u00e9ro de t\u00e9l\u00e9phone, l&rsquo;historique de vos visites et votre adresse IP. Nous collectons ces donn\u00e9es de diff\u00e9rentes mani\u00e8res, notamment lorsque vous nous les fournissez volontairement, lorsque vous vous abonnez \u00e0 notre lettre d&rsquo;information, lorsque vous remplissez une demande de devis ou un formulaire de contact, ainsi que lors d&rsquo;un \u00e9change de courriers \u00e9lectroniques ou lorsque vous interagissez avec notre site web.<br\/><\/li>\n<\/ol>\n\n<p>2. Utilisation des donn\u00e9es \u00e0 caract\u00e8re personnel<br\/>Nous utilisons les donn\u00e9es personnelles que nous recueillons pour vous fournir les informations, produits ou services demand\u00e9s, vous contacter, personnaliser votre exp\u00e9rience sur notre site web, am\u00e9liorer nos produits et services et vous informer des mises \u00e0 jour ou des offres sp\u00e9ciales. Nous traitons vos donn\u00e9es dans le cadre et sur la base de ce consentement, \u00e0 moins qu&rsquo;il n&rsquo;existe une autre base juridique ou d&rsquo;autres motifs valables. Le consentement donn\u00e9 peut \u00eatre r\u00e9voqu\u00e9 \u00e0 tout moment ; toutefois, cette r\u00e9vocation n&rsquo;aura aucun effet sur les donn\u00e9es d\u00e9j\u00e0 trait\u00e9es.<br\/><\/p>\n\n<p>3. Protection des donn\u00e9es \u00e0 caract\u00e8re personnel<br\/>Nous nous engageons \u00e0 prot\u00e9ger la s\u00e9curit\u00e9 de vos donn\u00e9es personnelles. Nous mettons en \u0153uvre des mesures de s\u00e9curit\u00e9 techniques et organisationnelles appropri\u00e9es pour emp\u00eacher la perte, l&rsquo;utilisation abusive, l&rsquo;acc\u00e8s non autoris\u00e9, la divulgation ou l&rsquo;alt\u00e9ration de vos donn\u00e9es \u00e0 caract\u00e8re personnel.<br\/><\/p>\n\n<p>4. Conservation des donn\u00e9es \u00e0 caract\u00e8re personnel<br\/>Nous ne conservons vos donn\u00e9es personnelles que pendant la dur\u00e9e n\u00e9cessaire aux fins pour lesquelles elles ont \u00e9t\u00e9 collect\u00e9es, \u00e0 moins qu&rsquo;une dur\u00e9e de conservation plus longue ne soit requise par la loi. Nous prendrons les mesures appropri\u00e9es pour supprimer ou anonymiser vos donn\u00e9es personnelles lorsque nous n&rsquo;en aurons plus besoin.<br\/><\/p>\n\n<p>5. Partage des donn\u00e9es \u00e0 caract\u00e8re personnel<br\/>Nous pouvons partager vos donn\u00e9es personnelles avec des tiers de confiance, tels que des prestataires de services tiers qui nous aident \u00e0 exploiter notre site web ou \u00e0 fournir des services connexes. Nous veillons \u00e0 ce que ces tiers respectent la confidentialit\u00e9 de vos donn\u00e9es personnelles et ne les utilisent qu&rsquo;aux fins convenues.<br\/><\/p>\n\n<p>6. Cookies et technologies similaires<br\/>Notre site web utilise des cookies et des technologies similaires pour am\u00e9liorer votre exp\u00e9rience en ligne, analyser les tendances, administrer le site, suivre les mouvements des utilisateurs et recueillir des informations d\u00e9mographiques. Les \u00ab\u00a0cookies\u00a0\u00bb et autres techniques similaires permettent d&rsquo;identifier votre navigateur ou votre appareil. Un cookie est un petit fichier envoy\u00e9 \u00e0 votre ordinateur, ou m\u00eame automatiquement stock\u00e9 sur votre ordinateur ou votre appareil mobile, par le navigateur web que vous utilisez lorsque vous visitez notre site web. Lorsque vous vous reconnectez \u00e0 notre site, nous pouvons vous reconna\u00eetre gr\u00e2ce \u00e0 eux. Vous pouvez contr\u00f4ler les cookies par le biais des param\u00e8tres de votre navigateur.<br\/><\/p>\n\n<p>7. Liens vers des sites de tiers<br\/>Notre site web peut contenir des liens vers des sites web de tiers. Nous n&rsquo;avons aucun contr\u00f4le sur ces sites et ne sommes pas responsables de leurs pratiques en mati\u00e8re de protection de la vie priv\u00e9e. Nous vous recommandons de consulter les politiques de confidentialit\u00e9 de ces sites tiers avant de fournir vos donn\u00e9es personnelles.<br\/><\/p>\n\n<p>8. Droits de l&rsquo;utilisateur<br\/>Vous avez le droit d&rsquo;acc\u00e9der \u00e0 vos donn\u00e9es personnelles, de les corriger, de les mettre \u00e0 jour ou de les supprimer. Si vous souhaitez exercer ces droits ou si vous avez des questions ou des pr\u00e9occupations concernant notre politique de protection de la vie priv\u00e9e, veuillez nous contacter \u00e0 l&rsquo;adresse <a href=\"https:\/\/arminwatch.com\/fr\/contactez-nous\/#\">info@arminwatch.com<\/a> ou par tout autre moyen mentionn\u00e9 dans l&rsquo;avis juridique.<br\/><\/p>\n\n<p>9. Modifications de la politique de confidentialit\u00e9<br\/>Nous nous r\u00e9servons le droit de modifier cette politique de confidentialit\u00e9 \u00e0 tout moment et sans pr\u00e9avis. Toute modification entrera en vigueur d\u00e8s sa publication sur notre site web. Nous vous encourageons \u00e0 consulter r\u00e9guli\u00e8rement cette politique de confidentialit\u00e9 pour vous tenir inform\u00e9 des \u00e9ventuelles mises \u00e0 jour.<\/p>\n\n<p><br\/>En utilisant notre site web, vous acceptez la collecte, l&rsquo;utilisation et le traitement des donn\u00e9es suivantes<\/p>\n","protected":false},"excerpt":{"rendered":"<p>La pr\u00e9sente politique de confidentialit\u00e9 d\u00e9crit la mani\u00e8re dont nous recueillons, utilisons, traitons et prot\u00e9geons vos donn\u00e9es \u00e0 caract\u00e8re personnel lorsque vous utilisez notre site web. Veuillez lire attentivement cette politique de confidentialit\u00e9 avant d&rsquo;utiliser notre site. La pr\u00e9sente d\u00e9claration se fonde sur le r\u00e8glement europ\u00e9en sur la protection des [&hellip;]<\/p>\n","protected":false},"author":1,"featured_media":0,"parent":0,"menu_order":0,"comment_status":"closed","ping_status":"closed","template":"","meta":{"footnotes":""},"class_list":["post-5290","page","type-page","status-publish","hentry"],"jetpack_sharing_enabled":true,"_links":{"self":[{"href":"https:\/\/arminwatch.com\/fr\/wp-json\/wp\/v2\/pages\/5290","targetHints":{"allow":["GET"]}}],"collection":[{"href":"https:\/\/arminwatch.com\/fr\/wp-json\/wp\/v2\/pages"}],"about":[{"href":"https:\/\/arminwatch.com\/fr\/wp-json\/wp\/v2\/types\/page"}],"author":[{"embeddable":true,"href":"https:\/\/arminwatch.com\/fr\/wp-json\/wp\/v2\/users\/1"}],"replies":[{"embeddable":true,"href":"https:\/\/arminwatch.com\/fr\/wp-json\/wp\/v2\/comments?post=5290"}],"version-history":[{"count":2,"href":"https:\/\/arminwatch.com\/fr\/wp-json\/wp\/v2\/pages\/5290\/revisions"}],"predecessor-version":[{"id":5460,"href":"https:\/\/arminwatch.com\/fr\/wp-json\/wp\/v2\/pages\/5290\/revisions\/5460"}],"wp:attachment":[{"href":"https:\/\/arminwatch.com\/fr\/wp-json\/wp\/v2\/media?parent=5290"}],"curies":[{"name":"wp","href":"https:\/\/api.w.org\/{rel}","templated":true}]}}