{"id":5246,"date":"2019-07-24T01:37:17","date_gmt":"2019-07-23T23:37:17","guid":{"rendered":"https:\/\/arminwatch.com\/index.php\/a-propos-de-nous\/"},"modified":"2024-01-03T12:18:01","modified_gmt":"2024-01-03T11:18:01","slug":"a-propos-de-nous","status":"publish","type":"page","link":"https:\/\/arminwatch.com\/fr\/a-propos-de-nous\/","title":{"rendered":"\u00c0 propos de nous"},"content":{"rendered":"<section class=\"wpb-content-wrapper\">[vc_row et_full_width=\u00a0\u00bbtrue\u00a0\u00bb et_row_padding=\u00a0\u00bbtrue\u00a0\u00bb et_column_align=\u00a0\u00bbalign-center\u00a0\u00bb parallax=\u00a0\u00bbcontent-moving\u00a0\u00bb][vc_column et_column_color=\u00a0\u00bbet-light-column\u00a0\u00bb]\r\n\t\t<div class=\"et-banner-69e6222fd6202 et-banner content-full  image-type-css vh-height text-color-light hover-effect hover-zoom \"><div class=\"et-banner-image\" role=\"img\" aria-label=\"DSC_9053-1-1-scaled\" data-image=\"https:\/\/arminwatch.com\/wp-content\/uploads\/2023\/09\/DSC_9053-1-1-scaled-1.jpg\" style=\"background-image: url(https:\/\/arminwatch.com\/wp-content\/uploads\/2023\/09\/DSC_9053-1-1-scaled-1.jpg);\"><\/div>\r\n\t\t\t<div class=\"et-banner-content\">\r\n\t\t\t\t<div class=\"et-banner-content-inner container\">\r\n\t\t\t\t\t<div class=\"et-banner-text h_center v_center align_center\">\r\n\t\t\t\t\t\t<div class=\"et-banner-text-inner animated\" data-animate=\"et-fadeInUp\"><h2 class=\"et-banner-title color- xlarge\">\u00c0 propos de nous<\/h2><h4 class=\"et-banner-subtitle  color- text_style\">Montre Armin<\/h4><div class=\"et-banner-paragraph\"><p>La conception de montres haut de gamme est notre passion. Nous proposons des montres de tr\u00e8s haute qualit\u00e9.<\/p>\n<\/div><\/div>\r\n\t\t\t\t\t<\/div>\r\n\t\t\t\t<\/div>\r\n\t\t\t<\/div>\r\n\t\t<\/div>[\/vc_column][\/vc_row][vc_row et_column_align=\u00a0\u00bbalign-center\u00a0\u00bb css=\u00a0\u00bb.vc_custom_1579121915525{padding-top: 60px !important;padding-bottom: 40px !important;}\u00a0\u00bb][vc_column animation=\u00a0\u00bbanimation bottom-to-top\u00a0\u00bb offset=\u00a0\u00bbvc_col-lg-8&Prime;][vc_row_inner et_column_align=\u00a0\u00bbalign-center\u00a0\u00bb][vc_column_inner][vc_column_text]\n<h2>Montre Armin<\/h2>\n[\/vc_column_text][vc_column_text]La conception de montres haut de gamme est notre passion. Nous proposons des montres de tr\u00e8s haute qualit\u00e9.<\/p>\n<p>Notre manufacture est \u00e9tablie \u00e0 La Chaux de Fonds, au c\u0153ur de la r\u00e9gion horlog\u00e8re. Nos montres sont soumises \u00e0 des sp\u00e9cifications tr\u00e8s exigeantes et sont uniques en leur genre.[\/vc_column_text][\/vc_column_inner][\/vc_row_inner][vc_row_inner et_column_align=\u00a0\u00bbalign-center\u00a0\u00bb][vc_column_inner width=\u00a0\u00bb1\/3&Prime;][vc_column_text]\n<h4 class=\"vc_custom_heading\">Notre mission<\/h4>\n[\/vc_column_text][\/vc_column_inner][vc_column_inner width=\u00a0\u00bb2\/3&Prime;][vc_column_text]La marque Armin est n\u00e9 dans la watch valley au coeur du berceau de l&rsquo;horlogerie m\u00e9canique. Le concept proposer des montre de qualit\u00e9 \u00e0 des prix d\u00e9fiant toute concurrence, avec style et allure.[\/vc_column_text][\/vc_column_inner][\/vc_row_inner][vc_row_inner et_column_align=\u00a0\u00bbalign-center\u00a0\u00bb][vc_column_inner width=\u00a0\u00bb1\/3&Prime;][vc_column_text]\n<h4 class=\"vc_custom_heading\">Notre vision<\/h4>\n[\/vc_column_text][\/vc_column_inner][vc_column_inner width=\u00a0\u00bb2\/3&Prime;][vc_column_text]Notre challenge proposer \u00e0 nos futur clients de devenir ambassadeur de la marque et recevoir des r\u00e9compense. Notre objectif principale est regrouper une communaut\u00e9 win= win[\/vc_column_text][\/vc_column_inner][\/vc_row_inner][vc_single_image image=\u00a0\u00bb4135&Prime; img_size=\u00a0\u00bbfull\u00a0\u00bb][\/vc_column][\/vc_row][vc_row disable_element=\u00a0\u00bbyes\u00a0\u00bb css=\u00a0\u00bb.vc_custom_1695270988318{background-image: url(https:\/\/arminwatch.com\/wp-content\/uploads\/2019\/07\/BacchusProd_ARMIN_BACK_Aout2023-copie-scaled-e1695270595224.jpg?id=4135) !important;background-position: center !important;background-repeat: no-repeat !important;background-size: cover !important;}\u00a0\u00bb][vc_column][vc_row_inner et_max_width=\u00a0\u00bb\u00a0\u00bb css=\u00a0\u00bb.vc_custom_1695270671986{background-position: center !important;background-repeat: no-repeat !important;background-size: cover !important;}\u00a0\u00bb][vc_column_inner animation=\u00a0\u00bbanimation bottom-to-top\u00a0\u00bb][vc_empty_space height=\u00a0\u00bb432px\u00a0\u00bb][vc_empty_space height=\u00a0\u00bb432px\u00a0\u00bb][\/vc_column_inner][vc_column_inner][\/vc_column_inner][\/vc_row_inner][\/vc_column][\/vc_row][vc_row et_column_align=\u00a0\u00bbalign-center\u00a0\u00bb css=\u00a0\u00bb.vc_custom_1704279040465{padding-top: 60px !important;padding-bottom: 60px !important;}\u00a0\u00bb][vc_column offset=\u00a0\u00bbvc_col-lg-8&Prime;][vc_column_text]\n<h2>Fondateur<\/h2>\n[\/vc_column_text][vc_column_text]La marque Armin Watch a \u00e9t\u00e9 cr\u00e9\u00e9e par Armin Arnautovic en 2022. Passionn\u00e9 par les montres et entour\u00e9 par une \u00e9quipe d&rsquo;experts aguerris avec un r\u00e9el amour du m\u00e9tier, nous cr\u00e9ons pour vous des montres d&rsquo;exceptions. Le mot d&rsquo;ordre est de d\u00e9passer le quotidien afin d&rsquo;accro\u00eetre notre passion pour l&rsquo;horlogerie suisse.[\/vc_column_text][vc_row_inner][vc_column_inner]  <div class=\"et-team-member animation bottom-to-top\">\n  \t<div class=\"et-team-member-image default\">\n\t  \t<figure style=\"background-image:url('https:\/\/arminwatch.com\/wp-content\/uploads\/2024\/01\/photo44-copie-817x1024.jpg')\">\n\t\t \t\t<div class=\"overlay\">\n\t\t\t\t\t<div class=\"et-member-social\">\n\t\t\t\t\t\t\t\t\t\t\t\t\t<a href=\"#\" class=\"facebook\" target=\"_blank\"><span class=\"et-icon et-facebook\"><\/span><\/a>\n\t\t\t\t\t\t\t\t\t\t\t\t\t\t\t\t\t\t\t<a href=\"#\" class=\"twitter\" target=\"_blank\"><span class=\"et-icon et-twitter\"><\/span><\/a>\n\t\t\t\t\t\t\t\t\t\t\t\t\t\t\t\t\t\t\t<a href=\"#\" class=\"pinterest\" target=\"_blank\"><span class=\"et-icon et-pinterest\"><\/span><\/a>\n\t\t\t\t\t\t\t\t\t\t\t\t\t\t\t\t\t\t\t\t\t\t\t\t\t\t\t\t\t<\/div>\n\t\t\t\t<\/div>\n\t  \t<\/figure>\n\t\t<\/div>\n\t\t<div class=\"et-member-information\">\n\t\t\t\t\t\t\t<h5>Armin Arnautovic<\/h5>\n\t\t\t\t  \t\t  \t\t<p>CEO<\/p>\n\t  \t  \t<\/div>\n\t<\/div>\n  [\/vc_column_inner][\/vc_row_inner][\/vc_column][\/vc_row]\n<\/section>","protected":false},"excerpt":{"rendered":"<p>[vc_row et_full_width=\u00a0\u00bbtrue\u00a0\u00bb et_row_padding=\u00a0\u00bbtrue\u00a0\u00bb et_column_align=\u00a0\u00bbalign-center\u00a0\u00bb parallax=\u00a0\u00bbcontent-moving\u00a0\u00bb][vc_column et_column_color=\u00a0\u00bbet-light-column\u00a0\u00bb][\/vc_column][\/vc_row][vc_row et_column_align=\u00a0\u00bbalign-center\u00a0\u00bb css=\u00a0\u00bb.vc_custom_1579121915525{padding-top: 60px !important;padding-bottom: 40px !important;}\u00a0\u00bb][vc_column animation=\u00a0\u00bbanimation bottom-to-top\u00a0\u00bb offset=\u00a0\u00bbvc_col-lg-8&Prime;][vc_row_inner et_column_align=\u00a0\u00bbalign-center\u00a0\u00bb][vc_column_inner][vc_column_text] Montre Armin [\/vc_column_text][vc_column_text]La conception de montres haut de gamme est notre passion. Nous proposons des montres de tr\u00e8s haute qualit\u00e9. Notre manufacture est \u00e9tablie \u00e0 La Chaux de Fonds, au c\u0153ur de la r\u00e9gion [&hellip;]<\/p>\n","protected":false},"author":1,"featured_media":0,"parent":0,"menu_order":0,"comment_status":"closed","ping_status":"closed","template":"","meta":{"footnotes":""},"class_list":["post-5246","page","type-page","status-publish","hentry"],"jetpack_sharing_enabled":true,"_links":{"self":[{"href":"https:\/\/arminwatch.com\/fr\/wp-json\/wp\/v2\/pages\/5246","targetHints":{"allow":["GET"]}}],"collection":[{"href":"https:\/\/arminwatch.com\/fr\/wp-json\/wp\/v2\/pages"}],"about":[{"href":"https:\/\/arminwatch.com\/fr\/wp-json\/wp\/v2\/types\/page"}],"author":[{"embeddable":true,"href":"https:\/\/arminwatch.com\/fr\/wp-json\/wp\/v2\/users\/1"}],"replies":[{"embeddable":true,"href":"https:\/\/arminwatch.com\/fr\/wp-json\/wp\/v2\/comments?post=5246"}],"version-history":[{"count":15,"href":"https:\/\/arminwatch.com\/fr\/wp-json\/wp\/v2\/pages\/5246\/revisions"}],"predecessor-version":[{"id":5671,"href":"https:\/\/arminwatch.com\/fr\/wp-json\/wp\/v2\/pages\/5246\/revisions\/5671"}],"wp:attachment":[{"href":"https:\/\/arminwatch.com\/fr\/wp-json\/wp\/v2\/media?parent=5246"}],"curies":[{"name":"wp","href":"https:\/\/api.w.org\/{rel}","templated":true}]}}