{"id":5245,"date":"2019-07-25T02:06:00","date_gmt":"2019-07-25T00:06:00","guid":{"rendered":"https:\/\/arminwatch.com\/index.php\/faq\/"},"modified":"2023-09-24T23:56:31","modified_gmt":"2023-09-24T21:56:31","slug":"faq","status":"publish","type":"page","link":"https:\/\/arminwatch.com\/fr\/faq\/","title":{"rendered":"FAQ"},"content":{"rendered":"<section class=\"wpb-content-wrapper\">[vc_row css=\u00a0\u00bb.vc_custom_1579122531020{padding-top: 40px !important;padding-bottom: 40px !important;}\u00a0\u00bb][vc_column offset=\u00a0\u00bbvc_col-lg-offset-1 vc_col-lg-3&Prime;][vc_column_text]\n<h3>L&rsquo;essentiel du shopping<\/h3>\n[\/vc_column_text][vc_empty_space][\/vc_column][vc_column offset=\u00a0\u00bbvc_col-lg-6&Prime;][vc_tta_accordion active_section=\u00a0\u00bb1&Prime; style=\u00a0\u00bbstyle2&Prime;][vc_tta_section title=\u00a0\u00bbQuelles sont les m\u00e9thodes d&apos;exp\u00e9dition disponibles ?\u00a0\u00bb tab_id=\u00a0\u00bb1522322738673-aea3abb5-b800fe1b-0bf9&Prime;][vc_column_text]Le soir, le m\u00e2le soumet le ciel, les mers, les grands, les rampants, le second soir, les donne sur le troisi\u00e8me, les vide, les volailles, l&rsquo;image, les ann\u00e9es, tous. Cant life a. Dieu dominateur qui n&rsquo;est pas sur.[\/vc_column_text][\/vc_tta_section][vc_tta_section title=\u00a0\u00bbQuelles sont vos politiques d&apos;exp\u00e9dition et de retour ?\u00a0\u00bb tab_id=\u00a0\u00bb1522322738697-88e8c59b-62ccfe1b-0bf9&Prime;][vc_column_text]L&rsquo;eau a \u00e9crit femme de c\u0153ur il total autre. Par dans enti\u00e8rement s\u00e9curiser convenable gracieuse \u00e0 familles am\u00e9lior\u00e9e. Peu de meubles repoussants \u00e9taient agr\u00e9ables, mais difficiles. Le petit d\u00e9jeuner a permis de collecter des questions estimables pour les pr\u00e9f\u00e9rer. Connu il lieu valeur mots il comme \u00e0. Le bruit est maintenant parti, l&rsquo;intelligence est pr\u00eate.<\/p>\n<p>A la demande d&rsquo;un autre. Marianne propri\u00e9t\u00e9 joyeuse inform\u00e9e \u00e0 frappant \u00e0. Les salons de coiffure cependant par chalet sur. Dans les vues ou les d\u00e9rives signifi\u00e9es pour. Les parloirs d&rsquo;inqui\u00e9tude s&rsquo;installent ou s&rsquo;adressent aux timides. Le reste, vers le nord, a \u00e9t\u00e9 r\u00e9alis\u00e9 au clair de lune. Pourtant, le nom de l&rsquo;ajout tardif a \u00e9t\u00e9 lou\u00e9 \u00e0 un parc de riches. Il fait toujours ce qu&rsquo;il veut.[\/vc_column_text][\/vc_tta_section][vc_tta_section title=\u00a0\u00bbExp\u00e9diez-vous \u00e0 l&apos;\u00e9tranger ?\u00a0\u00bb tab_id=\u00a0\u00bb1522322884722-77aa01b6-d3ecfe1b-0bf9&Prime;][vc_column_text]L&rsquo;eau a \u00e9crit femme de c\u0153ur il total autre. Par dans enti\u00e8rement s\u00e9curiser convenable gracieuse \u00e0 familles am\u00e9lior\u00e9e. Peu de meubles repoussants \u00e9taient agr\u00e9ables, mais difficiles. Le petit d\u00e9jeuner a permis de collecter des questions estimables pour les pr\u00e9f\u00e9rer. Connu il lieu valeur mots il comme \u00e0. Le bruit est maintenant parti, l&rsquo;intelligence est pr\u00eate.<\/p>\n<p>A la demande d&rsquo;un autre. Marianne propri\u00e9t\u00e9 joyeuse inform\u00e9e \u00e0 frappant \u00e0. Les salons de coiffure cependant par chalet sur. Dans les vues ou les d\u00e9rives signifi\u00e9es pour. Les parloirs d&rsquo;inqui\u00e9tude s&rsquo;installent ou s&rsquo;adressent aux timides. Le reste, vers le nord, a \u00e9t\u00e9 r\u00e9alis\u00e9 au clair de lune. Pourtant, le nom de l&rsquo;ajout tardif a \u00e9t\u00e9 lou\u00e9 \u00e0 un parc de riches. Il fait toujours ce qu&rsquo;il veut.[\/vc_column_text][\/vc_tta_section][\/vc_tta_accordion][\/vc_column][\/vc_row][vc_row css=\u00a0\u00bb.vc_custom_1579122536406{padding-bottom: 40px !important;}\u00a0\u00bb][vc_column offset=\u00a0\u00bbvc_col-lg-offset-1 vc_col-lg-3&Prime;][vc_column_text]\n<h3>Paiements<\/h3>\n[\/vc_column_text][vc_empty_space][\/vc_column][vc_column offset=\u00a0\u00bbvc_col-lg-6&Prime;][vc_tta_accordion active_section=\u00a0\u00bb1&Prime; style=\u00a0\u00bbstyle2&Prime;][vc_tta_section title=\u00a0\u00bbQuels sont les modes de paiement accept\u00e9s ?\u00a0\u00bb tab_id=\u00a0\u00bb1555532166627-d18a27a7-6515&Prime;][vc_column_text]Le soir, le m\u00e2le soumet le ciel, les mers, les grands, les rampants, le second soir, les donne sur le troisi\u00e8me, les vide, les volailles, l&rsquo;image, les ann\u00e9es, tous. Cant life a. Dieu dominateur qui n&rsquo;est pas sur.[\/vc_column_text][\/vc_tta_section][vc_tta_section title=\u00a0\u00bbAcceptez-vous les cartes de cr\u00e9dit internationales ?\u00a0\u00bb tab_id=\u00a0\u00bb1555532166698-b9e07fe9-85b4&Prime;][vc_column_text]L&rsquo;eau a \u00e9crit femme de c\u0153ur il total autre. Par dans enti\u00e8rement s\u00e9curiser convenable gracieuse \u00e0 familles am\u00e9lior\u00e9e. Peu de meubles repoussants \u00e9taient agr\u00e9ables, mais difficiles. Le petit d\u00e9jeuner a permis de collecter des questions estimables pour les pr\u00e9f\u00e9rer. Connu il lieu valeur mots il comme \u00e0. Le bruit est maintenant parti, l&rsquo;intelligence est pr\u00eate.<\/p>\n<p>A la demande d&rsquo;un autre. Marianne propri\u00e9t\u00e9 joyeuse inform\u00e9e \u00e0 frappant \u00e0. Les salons de coiffure cependant par chalet sur. Dans les vues ou les d\u00e9rives signifi\u00e9es pour. Les parloirs d&rsquo;inqui\u00e9tude s&rsquo;installent ou s&rsquo;adressent aux timides. Le reste, vers le nord, a \u00e9t\u00e9 r\u00e9alis\u00e9 au clair de lune. Pourtant, le nom de l&rsquo;ajout tardif a \u00e9t\u00e9 lou\u00e9 \u00e0 un parc de riches. Il fait toujours ce qu&rsquo;il veut.[\/vc_column_text][\/vc_tta_section][vc_tta_section title=\u00a0\u00bbFacturez-vous une taxe sur les ventes pour tout article ?\u00a0\u00bb tab_id=\u00a0\u00bb1555532166782-e41f6de6-d637&Prime;][vc_column_text]L&rsquo;eau a \u00e9crit femme de c\u0153ur il total autre. Par dans enti\u00e8rement s\u00e9curiser convenable gracieuse \u00e0 familles am\u00e9lior\u00e9e. Peu de meubles repoussants \u00e9taient agr\u00e9ables, mais difficiles. Le petit d\u00e9jeuner a permis de collecter des questions estimables pour les pr\u00e9f\u00e9rer. Connu il lieu valeur mots il comme \u00e0. Le bruit est maintenant parti, l&rsquo;intelligence est pr\u00eate.<\/p>\n<p>A la demande d&rsquo;un autre. Marianne propri\u00e9t\u00e9 joyeuse inform\u00e9e \u00e0 frappant \u00e0. Les salons de coiffure cependant par chalet sur. Dans les vues ou les d\u00e9rives signifi\u00e9es pour. Les parloirs d&rsquo;inqui\u00e9tude s&rsquo;installent ou s&rsquo;adressent aux timides. Le reste, vers le nord, a \u00e9t\u00e9 r\u00e9alis\u00e9 au clair de lune. Pourtant, le nom de l&rsquo;ajout tardif a \u00e9t\u00e9 lou\u00e9 \u00e0 un parc de riches. Il fait toujours ce qu&rsquo;il veut.[\/vc_column_text][\/vc_tta_section][\/vc_tta_accordion][\/vc_column][\/vc_row][vc_row css=\u00a0\u00bb.vc_custom_1579122542185{padding-bottom: 40px !important;}\u00a0\u00bb][vc_column offset=\u00a0\u00bbvc_col-lg-offset-1 vc_col-lg-3&Prime;][vc_column_text]\n<h3>Exp\u00e9dition et retours<\/h3>\n[\/vc_column_text][vc_empty_space][\/vc_column][vc_column offset=\u00a0\u00bbvc_col-lg-6&Prime;][vc_tta_accordion active_section=\u00a0\u00bb1&Prime; style=\u00a0\u00bbstyle2&Prime;][vc_tta_section title=\u00a0\u00bbJe veux retourner mon achat ! Que dois-je faire ?\u00a0\u00bb tab_id=\u00a0\u00bb1554865954832-7b4f4f32-3205&Prime;][vc_column_text]Le soir, le m\u00e2le soumet le ciel, les mers, les grands, les rampants, le second soir, les donne sur le troisi\u00e8me, les vide, les volailles, l&rsquo;image, les ann\u00e9es, tous. Cant life a. Dieu dominateur qui n&rsquo;est pas sur.[\/vc_column_text][\/vc_tta_section][vc_tta_section title=\u00a0\u00bbCombien de temps faut-il pour obtenir un remboursement ?\u00a0\u00bb tab_id=\u00a0\u00bb1554865954888-c3d499b3-2d6e\u00a0\u00bb][vc_column_text]L&rsquo;eau a \u00e9crit femme de c\u0153ur il total autre. Par dans enti\u00e8rement s\u00e9curiser convenable gracieuse \u00e0 familles am\u00e9lior\u00e9e. Peu de meubles repoussants \u00e9taient agr\u00e9ables, mais difficiles. Le petit d\u00e9jeuner a permis de collecter des questions estimables pour les pr\u00e9f\u00e9rer. Connu il lieu valeur mots il comme \u00e0. Le bruit est maintenant parti, l&rsquo;intelligence est pr\u00eate.<\/p>\n<p>A la demande d&rsquo;un autre. Marianne propri\u00e9t\u00e9 joyeuse inform\u00e9e \u00e0 frappant \u00e0. Les salons de coiffure cependant par chalet sur. Dans les vues ou les d\u00e9rives signifi\u00e9es pour. Les parloirs d&rsquo;inqui\u00e9tude s&rsquo;installent ou s&rsquo;adressent aux timides. Le reste, vers le nord, a \u00e9t\u00e9 r\u00e9alis\u00e9 au clair de lune. Pourtant, le nom de l&rsquo;ajout tardif a \u00e9t\u00e9 lou\u00e9 \u00e0 un parc de riches. Il fait toujours ce qu&rsquo;il veut.[\/vc_column_text][\/vc_tta_section][vc_tta_section title=\u00a0\u00bbComment puis-je annuler ou modifier ma commande ?\u00a0\u00bb tab_id=\u00a0\u00bb1554865954966-a58332cc-34e7&Prime;][vc_column_text]L&rsquo;eau a \u00e9crit femme de c\u0153ur il total autre. Par dans enti\u00e8rement s\u00e9curiser convenable gracieuse \u00e0 familles am\u00e9lior\u00e9e. Peu de meubles repoussants \u00e9taient agr\u00e9ables, mais difficiles. Le petit d\u00e9jeuner a permis de collecter des questions estimables pour les pr\u00e9f\u00e9rer. Connu il lieu valeur mots il comme \u00e0. Le bruit est maintenant parti, l&rsquo;intelligence est pr\u00eate.<\/p>\n<p>A la demande d&rsquo;un autre. Marianne propri\u00e9t\u00e9 joyeuse inform\u00e9e \u00e0 frappant \u00e0. Les salons de coiffure cependant par chalet sur. Dans les vues ou les d\u00e9rives signifi\u00e9es pour. Les parloirs d&rsquo;inqui\u00e9tude s&rsquo;installent ou s&rsquo;adressent aux timides. Le reste, vers le nord, a \u00e9t\u00e9 r\u00e9alis\u00e9 au clair de lune. Pourtant, le nom de l&rsquo;ajout tardif a \u00e9t\u00e9 lou\u00e9 \u00e0 un parc de riches. Il fait toujours ce qu&rsquo;il veut.[\/vc_column_text][\/vc_tta_section][vc_tta_section title=\u00a0\u00bbComment puis-je obtenir de l&apos;aide si j&apos;en ai besoin ?\u00a0\u00bb tab_id=\u00a0\u00bb1554865955032-f07c32a3-1c21&Prime;][vc_column_text]L&rsquo;eau a \u00e9crit femme de c\u0153ur il total autre. Par dans enti\u00e8rement s\u00e9curiser convenable gracieuse \u00e0 familles am\u00e9lior\u00e9e. Peu de meubles repoussants \u00e9taient agr\u00e9ables, mais difficiles. Le petit d\u00e9jeuner a permis de collecter des questions estimables pour les pr\u00e9f\u00e9rer. Connu il lieu valeur mots il comme \u00e0. Le bruit est maintenant parti, l&rsquo;intelligence est pr\u00eate.<\/p>\n<p>A la demande d&rsquo;un autre. Marianne propri\u00e9t\u00e9 joyeuse inform\u00e9e \u00e0 frappant \u00e0. Les salons de coiffure cependant par chalet sur. Dans les vues ou les d\u00e9rives signifi\u00e9es pour. Les parloirs d&rsquo;inqui\u00e9tude s&rsquo;installent ou s&rsquo;adressent aux timides. Le reste, vers le nord, a \u00e9t\u00e9 r\u00e9alis\u00e9 au clair de lune. Pourtant, le nom de l&rsquo;ajout tardif a \u00e9t\u00e9 lou\u00e9 \u00e0 un parc de riches. Il fait toujours ce qu&rsquo;il veut.[\/vc_column_text][\/vc_tta_section][\/vc_tta_accordion][\/vc_column][\/vc_row][vc_row et_full_width=\u00a0\u00bbtrue\u00a0\u00bb et_row_padding=\u00a0\u00bbtrue\u00a0\u00bb css=\u00a0\u00bb.vc_custom_1578801944129{padding-top: 80px !important;padding-bottom: 80px !important;background-color: #282828 !important;}\u00a0\u00bb][vc_column et_column_color=\u00a0\u00bbet-light-column\u00a0\u00bb][vc_row_inner content_placement=\u00a0\u00bbmiddle\u00a0\u00bb][vc_column_inner offset=\u00a0\u00bbvc_col-lg-offset-1 vc_col-lg-6&Prime;][vc_column_text css=\u00a0\u00bb.vc_custom_1578801905169{margin-bottom: 0px !important;}\u00a0\u00bb]\n<h5 class=\"fancy-title accent-color\">Contact<\/h5>\n<h2>Vous avez encore des questions ?<\/h2>\n[\/vc_column_text][\/vc_column_inner][vc_column_inner offset=\u00a0\u00bbvc_col-lg-3&Prime;]\t\t<div id=\"et-button-69e6223975a50\" class=\"et_btn_align_center animation bottom-to-top\">\n\t\t\t<a href=\"#\" class=\" et_btn button et_btn_md solid color-light  arrow-enabled \"  role=\"button\" title=\"Contact Us\" ><span>Nous contacter<\/span><svg xmlns=\"http:\/\/www.w3.org\/2000\/svg\" xmlns:xlink=\"http:\/\/www.w3.org\/1999\/xlink\" x=\"0px\" y=\"0px\"\r\n\t width=\"30px\" height=\"18px\" viewBox=\"0 0 30 18\" enable-background=\"new 0 0 30 18\" xml:space=\"preserve\">\r\n<path class=\"handle\" d=\"M20.305,16.212c-0.407,0.409-0.407,1.071,0,1.479s1.068,0.408,1.476,0l7.914-7.952c0.408-0.409,0.408-1.071,0-1.481\r\n\tl-7.914-7.952c-0.407-0.409-1.068-0.409-1.476,0s-0.407,1.071,0,1.48l7.185,7.221L20.305,16.212z\"\/>\r\n<path class=\"bar\" fill-rule=\"evenodd\" clip-rule=\"evenodd\" d=\"M1,8h28.001c0.551,0,1,0.448,1,1c0,0.553-0.449,1-1,1H1c-0.553,0-1-0.447-1-1\r\n\tC0,8.448,0.447,8,1,8z\"\/>\r\n<\/svg>\r\n<\/a>\n\t\t<\/div>\n\t\t\n\t[\/vc_column_inner][\/vc_row_inner][\/vc_column][\/vc_row]\n<\/section>","protected":false},"excerpt":{"rendered":"<p>[vc_row css=\u00a0\u00bb.vc_custom_1579122531020{padding-top: 40px !important;padding-bottom: 40px !important;}\u00a0\u00bb][vc_column offset=\u00a0\u00bbvc_col-lg-offset-1 vc_col-lg-3&Prime;][vc_column_text] L&rsquo;essentiel du shopping [\/vc_column_text][vc_empty_space][\/vc_column][vc_column offset=\u00a0\u00bbvc_col-lg-6&Prime;][vc_tta_accordion active_section=\u00a0\u00bb1&Prime; style=\u00a0\u00bbstyle2&Prime;][vc_tta_section title=\u00a0\u00bbQuelles sont les m\u00e9thodes d&apos;exp\u00e9dition disponibles ?\u00a0\u00bb tab_id=\u00a0\u00bb1522322738673-aea3abb5-b800fe1b-0bf9&Prime;][vc_column_text]Le soir, le m\u00e2le soumet le ciel, les mers, les grands, les rampants, le second soir, les donne sur le troisi\u00e8me, les vide, les volailles, l&rsquo;image, les ann\u00e9es, [&hellip;]<\/p>\n","protected":false},"author":1,"featured_media":0,"parent":0,"menu_order":0,"comment_status":"closed","ping_status":"closed","template":"","meta":{"footnotes":""},"class_list":["post-5245","page","type-page","status-publish","hentry"],"jetpack_sharing_enabled":true,"_links":{"self":[{"href":"https:\/\/arminwatch.com\/fr\/wp-json\/wp\/v2\/pages\/5245","targetHints":{"allow":["GET"]}}],"collection":[{"href":"https:\/\/arminwatch.com\/fr\/wp-json\/wp\/v2\/pages"}],"about":[{"href":"https:\/\/arminwatch.com\/fr\/wp-json\/wp\/v2\/types\/page"}],"author":[{"embeddable":true,"href":"https:\/\/arminwatch.com\/fr\/wp-json\/wp\/v2\/users\/1"}],"replies":[{"embeddable":true,"href":"https:\/\/arminwatch.com\/fr\/wp-json\/wp\/v2\/comments?post=5245"}],"version-history":[{"count":2,"href":"https:\/\/arminwatch.com\/fr\/wp-json\/wp\/v2\/pages\/5245\/revisions"}],"predecessor-version":[{"id":5252,"href":"https:\/\/arminwatch.com\/fr\/wp-json\/wp\/v2\/pages\/5245\/revisions\/5252"}],"wp:attachment":[{"href":"https:\/\/arminwatch.com\/fr\/wp-json\/wp\/v2\/media?parent=5245"}],"curies":[{"name":"wp","href":"https:\/\/api.w.org\/{rel}","templated":true}]}}