{"id":5450,"date":"2019-07-23T17:33:49","date_gmt":"2019-07-23T15:33:49","guid":{"rendered":"https:\/\/arminwatch.com\/product\/mae-nam\/"},"modified":"2019-07-23T17:33:49","modified_gmt":"2019-07-23T15:33:49","slug":"uhr-1","status":"publish","type":"product","link":"https:\/\/arminwatch.com\/de\/produkt\/uhr-1\/","title":{"rendered":"Mae &#8211; nam"},"content":{"rendered":"<p>&#8222;Eine Uhr mit Pers\u00f6nlichkeit&#8220;<\/p>\n<p>BESCHREIBUNG<\/p>\n<p>Unsere Unisex-Automatikuhr mit einem Durchmesser von 42 mm ist das Ergebnis einer gro\u00dfartigen<br \/>\nDieses pr\u00e4chtige St\u00fcck wurde in den Bergen entworfen und ist das langfristige Werk seines CEO Armin.<br \/>\nneuch\u00e2teloise sein Doppelpendel dr\u00fcckt alle seine St\u00e4rken aus und zeigt sein offenes Herz, das f\u00fcr alles schl\u00e4gt<br \/>\nRegime seine elegante Linie, sein Lederarmband verbindet das Geh\u00e4use der Uhr ist eine Unterschrift w\u00fcrdig der<br \/>\nhohe Qualit\u00e4t in der Uhrmacherei.<\/p>\n<h4>Details zum Produkt<\/h4>\n<ul>\n<li>Schwarze Uhr MAE_NAM<\/li>\n<li>Gr\u00f6\u00dfe 42mm<\/li>\n<li>Lederarmband<\/li>\n<li>Wasserdicht: 5 atm (50 Meter)<\/li>\n<li>Mechanisches Uhrwerk mit Handaufzug<\/li>\n<li>Funktion Stunden, Minuten<\/li>\n<li>Behandlung: PVD schwarz<\/li>\n<li>Krone: mit eingraviertem Emblem<\/li>\n<li>Besonderheit: Gebl\u00e4ute Schraube<\/li>\n<li>Jahr: 2023<\/li>\n<li>Kollektion: Limitierte Auflage<\/li>\n<\/ul>\n","protected":false},"excerpt":{"rendered":"<p>Unsere Unisex-Automatikuhr mit einem Durchmesser von 42 mm ist das Ergebnis einer gro\u00dfartigen<br \/>\nlangfristige Arbeit&#8230;<\/p>\n","protected":false},"featured_media":5179,"comment_status":"open","ping_status":"closed","template":"","meta":[],"product_cat":[193,192],"product_tag":[194,206],"class_list":["post-5450","product","type-product","status-publish","has-post-thumbnail","hentry","product_cat-siehe","product_cat-zubehor","product_tag-dekoration","product_tag-zubehor"],"jetpack_sharing_enabled":true,"_links":{"self":[{"href":"https:\/\/arminwatch.com\/de\/wp-json\/wp\/v2\/product\/5450","targetHints":{"allow":["GET"]}}],"collection":[{"href":"https:\/\/arminwatch.com\/de\/wp-json\/wp\/v2\/product"}],"about":[{"href":"https:\/\/arminwatch.com\/de\/wp-json\/wp\/v2\/types\/product"}],"replies":[{"embeddable":true,"href":"https:\/\/arminwatch.com\/de\/wp-json\/wp\/v2\/comments?post=5450"}],"wp:featuredmedia":[{"embeddable":true,"href":"https:\/\/arminwatch.com\/de\/wp-json\/wp\/v2\/media\/5179"}],"wp:attachment":[{"href":"https:\/\/arminwatch.com\/de\/wp-json\/wp\/v2\/media?parent=5450"}],"wp:term":[{"taxonomy":"product_cat","embeddable":true,"href":"https:\/\/arminwatch.com\/de\/wp-json\/wp\/v2\/product_cat?post=5450"},{"taxonomy":"product_tag","embeddable":true,"href":"https:\/\/arminwatch.com\/de\/wp-json\/wp\/v2\/product_tag?post=5450"}],"curies":[{"name":"wp","href":"https:\/\/api.w.org\/{rel}","templated":true}]}}