{"id":5446,"date":"2023-09-21T06:47:01","date_gmt":"2023-09-21T04:47:01","guid":{"rendered":"https:\/\/arminwatch.com\/product\/no-i\/"},"modified":"2023-10-25T07:27:35","modified_gmt":"2023-10-25T05:27:35","slug":"no-i-prime","status":"publish","type":"product","link":"https:\/\/arminwatch.com\/de\/produkt\/no-i-prime\/","title":{"rendered":"No-i"},"content":{"rendered":"<p>&#8222;Eine Uhr mit Pers\u00f6nlichkeit&#8220;<\/p>\n<p>Beschreibung<\/p>\n<p>Beschreibung: Diese Uhr ist das Ergebnis einer Zusammenarbeit mit unserem Markenbotschafter geboren<br \/>\nAndrea Gebauer Miss Lischtensetin, die swaroswki Steine unterstreichen die Eleganz der Uhr,<br \/>\nihr offenes Herz um 18 Uhr dr\u00fcckt weibliche St\u00e4rke aus, jedes erdachte Detail wird hervorgehoben, ein Symbol f\u00fcr<br \/>\nReinheit.<br \/>\nDiese Uhr wird mit einem zus\u00e4tzlichen kostenlosen Armband geliefert.<\/p>\n<h4>Details zum Produkt<\/h4>\n<p>No-I-Uhr<\/p>\n<ul>\n<li>Gr\u00f6\u00dfe 33mm<\/li>\n<li>Armband: Leder &amp; Metallic<\/li>\n<li>Wasserdicht: 5 atm 50 Meter<\/li>\n<li>Mechanisches Uhrwerk mit Handaufzug<\/li>\n<li>Funktion Stunden, Minuten<\/li>\n<li>Wahl: Pierre Swarowski<\/li>\n<li>Krone: mit eingraviertem Emblem<\/li>\n<li>Jahr: 2023<\/li>\n<li>Kollektion: Limitierte Auflage<\/li>\n<\/ul>\n","protected":false},"excerpt":{"rendered":"<p>Diese Uhr ist das Ergebnis einer Zusammenarbeit mit unserer Markenbotschafterin<br \/>\nAndrea Gebauer Fr\u00e4ulein&#8230;<\/p>\n","protected":false},"featured_media":5187,"comment_status":"open","ping_status":"closed","template":"","meta":[],"product_cat":[193,192],"product_tag":[194],"class_list":["post-5446","product","type-product","status-publish","has-post-thumbnail","hentry","product_cat-siehe","product_cat-zubehor","product_tag-dekoration"],"jetpack_sharing_enabled":true,"_links":{"self":[{"href":"https:\/\/arminwatch.com\/de\/wp-json\/wp\/v2\/product\/5446","targetHints":{"allow":["GET"]}}],"collection":[{"href":"https:\/\/arminwatch.com\/de\/wp-json\/wp\/v2\/product"}],"about":[{"href":"https:\/\/arminwatch.com\/de\/wp-json\/wp\/v2\/types\/product"}],"replies":[{"embeddable":true,"href":"https:\/\/arminwatch.com\/de\/wp-json\/wp\/v2\/comments?post=5446"}],"wp:featuredmedia":[{"embeddable":true,"href":"https:\/\/arminwatch.com\/de\/wp-json\/wp\/v2\/media\/5187"}],"wp:attachment":[{"href":"https:\/\/arminwatch.com\/de\/wp-json\/wp\/v2\/media?parent=5446"}],"wp:term":[{"taxonomy":"product_cat","embeddable":true,"href":"https:\/\/arminwatch.com\/de\/wp-json\/wp\/v2\/product_cat?post=5446"},{"taxonomy":"product_tag","embeddable":true,"href":"https:\/\/arminwatch.com\/de\/wp-json\/wp\/v2\/product_tag?post=5446"}],"curies":[{"name":"wp","href":"https:\/\/api.w.org\/{rel}","templated":true}]}}