{"id":5508,"date":"2023-10-26T11:47:50","date_gmt":"2023-10-26T09:47:50","guid":{"rendered":"https:\/\/arminwatch.com\/refund-and-returns-policy\/"},"modified":"2023-10-26T12:00:12","modified_gmt":"2023-10-26T10:00:12","slug":"refund-and-returns-policy","status":"publish","type":"page","link":"https:\/\/arminwatch.com\/de\/refund-and-returns-policy\/","title":{"rendered":"R\u00fcckgabe und Widerrufsrecht"},"content":{"rendered":"\n<p>R\u00fcckgabe und Widerrufsrecht<\/p>\n\n\n\n<p>Wenn Sie mit Ihrer Bestellung nicht vollst\u00e4ndig zufrieden sind, haben Sie vierzehn Tage Zeit, sie an uns zur\u00fcckzusenden. Nach Ablauf dieser Frist behalten wir uns das Recht vor, Ihre R\u00fccksendung nicht mehr anzunehmen. Sie m\u00fcssen uns die R\u00fccksendung per E-Mail an folgende Adresse mitteilen: info@arminwatch.com oder \u00fcber das Kontaktformular auf der Website. Die R\u00fccksendung liegt vollst\u00e4ndig in der Verantwortung des Kunden und die R\u00fcckerstattung erfolgt nach Erhalt (abz\u00fcglich der Versandkosten f\u00fcr den Versand) \u00fcber die bei der Bestellung gew\u00e4hlte Zahlungsmethode. Der Nutzer muss den Nachweis \u00fcber die R\u00fccksendung sorgf\u00e4ltig aufbewahren. Andere Erstattungsarten werden nicht akzeptiert und wir benachrichtigen Sie per E-Mail an die von Ihnen bei der Erstattung angegebene Adresse. Die R\u00fccksendung muss an folgende Adresse gesendet werden: ROULART D COR SARL, Rue Fritz-Courvoisier 105, 2300 La Chaux-de-Fonds, Schweiz. Im Falle eines R\u00fccksendeanspruchs muss ein Versandnachweis vorgelegt werden.<\/p>\n\n\n\n<p>Aus \u00f6kologischen Gr\u00fcnden erhalten Sie das Widerrufsformular nicht direkt in Papierform, sondern k\u00f6nnen dies \u00fcber das Beschwerdeformular tun oder es per E-Mail \u00fcber das Kontaktformular anfordern.<\/p>\n\n\n\n<p>Nach Ablauf der Frist von vierzehn Tagen k\u00f6nnen keine R\u00fccksendungen mehr angenommen werden. Mit dem Kauf auf https:\/\/arminwatch.com erwerben Sie ein Schmuckst\u00fcck\/ausgefallenes Accessoire. Normaler Verschlei\u00df oder Bruch k\u00f6nnen nicht zur\u00fcckgenommen werden, da es sich nicht um High-End-Produkte handelt.<\/p>\n\n\n\n<p>Im Falle einer R\u00fccksendung muss der Kunde Armin Watch per E-Mail an die folgende Adresse benachrichtigen: info@arminwatch.com oder \u00fcber das Beschwerdeformular auf der Website. Die R\u00fcckgabe der Box muss vollst\u00e4ndig und in der Originalverpackung gem\u00e4\u00df den zuvor in den allgemeinen Verkaufsbedingungen der Website https:\/\/arminwatch.com\/ beschriebenen R\u00fcckgabebedingungen erfolgen. Unvollst\u00e4ndige, ge\u00f6ffnete Kartons mit abgenutzten und abgenutzten Produkten werden nicht zur\u00fcckgegeben, umgetauscht oder erstattet. Sollten Sie jedoch auf ein Problem, einen Herstellungsfehler an einem Schmuckst\u00fcck sto\u00dfen, m\u00fcssen Sie uns dies innerhalb von 14 Tagen per E-Mail mit m\u00f6glichst detaillierten Fotos benachrichtigen. Dies wird gepr\u00fcft und je nach Problem eine der Situation angepasste L\u00f6sung gefunden.<\/p>\n\n\n\n<p><\/p>\n","protected":false},"excerpt":{"rendered":"<p>R\u00fcckgabe und Widerrufsrecht Wenn Sie mit Ihrer Bestellung nicht vollst\u00e4ndig zufrieden sind, haben Sie vierzehn Tage Zeit, sie an uns zur\u00fcckzusenden. Nach Ablauf dieser Frist behalten wir uns das Recht vor, Ihre R\u00fccksendung nicht mehr anzunehmen. Sie m\u00fcssen uns die R\u00fccksendung per E-Mail an folgende Adresse mitteilen: info@arminwatch.com oder \u00fcber [&hellip;]<\/p>\n","protected":false},"author":1,"featured_media":0,"parent":0,"menu_order":0,"comment_status":"closed","ping_status":"closed","template":"","meta":{"footnotes":""},"class_list":["post-5508","page","type-page","status-publish","hentry"],"jetpack_sharing_enabled":true,"_links":{"self":[{"href":"https:\/\/arminwatch.com\/de\/wp-json\/wp\/v2\/pages\/5508","targetHints":{"allow":["GET"]}}],"collection":[{"href":"https:\/\/arminwatch.com\/de\/wp-json\/wp\/v2\/pages"}],"about":[{"href":"https:\/\/arminwatch.com\/de\/wp-json\/wp\/v2\/types\/page"}],"author":[{"embeddable":true,"href":"https:\/\/arminwatch.com\/de\/wp-json\/wp\/v2\/users\/1"}],"replies":[{"embeddable":true,"href":"https:\/\/arminwatch.com\/de\/wp-json\/wp\/v2\/comments?post=5508"}],"version-history":[{"count":2,"href":"https:\/\/arminwatch.com\/de\/wp-json\/wp\/v2\/pages\/5508\/revisions"}],"predecessor-version":[{"id":5512,"href":"https:\/\/arminwatch.com\/de\/wp-json\/wp\/v2\/pages\/5508\/revisions\/5512"}],"wp:attachment":[{"href":"https:\/\/arminwatch.com\/de\/wp-json\/wp\/v2\/media?parent=5508"}],"curies":[{"name":"wp","href":"https:\/\/api.w.org\/{rel}","templated":true}]}}