{"id":5503,"date":"2023-09-19T07:27:41","date_gmt":"2023-09-19T05:27:41","guid":{"rendered":"https:\/\/arminwatch.com\/allgemeine-verkaufsbedingungen-cgv\/"},"modified":"2023-10-26T11:13:25","modified_gmt":"2023-10-26T09:13:25","slug":"allgemeine-verkaufsbedingungen-cgv","status":"publish","type":"page","link":"https:\/\/arminwatch.com\/de\/allgemeine-verkaufsbedingungen-cgv\/","title":{"rendered":"Allgemeine Verkaufsbedingungen (CGV)"},"content":{"rendered":"\n<p>Allgemeine Verkaufsbedingungen (CGV)<\/p>\n\n<ul class=\"wp-block-list\">\n<li><strong>Bewerbungsdomain<\/strong> Dieser Online-Shop wird von Armin Aurnutovic betrieben. Diese Allgemeinen Verkaufsbedingungen gelten f\u00fcr alle Vertr\u00e4ge, die zwischen Ihnen als Kunde (Sie, Ihr) und uns als Betreiber des Online-Shops arminwatch.com (im Folgenden: wir, unser) geschlossen werden. Im Rahmen des Bestellvorgangs erkennen Sie die Allgemeinen Gesch\u00e4ftsbedingungen in ihrer zum Zeitpunkt der Bestellung g\u00fcltigen Fassung an. Alle m\u00fcndlichen oder telefonischen Vereinbarungen m\u00fcssen schriftlich best\u00e4tigt werden, um verbindlich zu sein. Dieses Schriftformerfordernis ist auch erf\u00fcllt, wenn eine Erkl\u00e4rung in einer E-Mail enthalten ist.<\/li>\n\n\n\n<li><strong>Kompatibilit\u00e4t<\/strong> Die Darstellung der Produkte im Online-Shop ist f\u00fcr uns rechtlich nicht bindend und stellt lediglich einen unverbindlichen Online-Katalog dar. Wenn Sie nur Produkte in den &#8222;Warenkorb&#8220; legen, stellt dies keine verbindliche Bestellung dar. Die Bestellung der im Warenkorb befindlichen Produkte wird erst durch Anklicken des Buttons &#8222;Bestellen&#8220; auf der Bestellseite verbindlich. Der erfolgreiche Eingang dieser Bestellung wird sofort durch eine automatische E-Mail best\u00e4tigt und stellt eine vertragliche Vereinbarung dar. Die Zustimmung wird unter dem Vorbehalt der rechtlichen Zul\u00e4ssigkeit und der Verf\u00fcgbarkeit der bestellten Waren erteilt. Wenn wir Ihre Bestellung nicht erf\u00fcllen k\u00f6nnen, erhalten Sie eine Benachrichtigung \u00fcber die Nichtverf\u00fcgbarkeit. Verf\u00fcgbarkeitsanzeigen im Shop dienen der Information, nicht aber der Lieferbest\u00e4tigung und k\u00f6nnen sich als falsch erweisen. Ma\u00dfgeblich ist der zum Zeitpunkt des Abschlusses der Bestellung angegebene Preis.<\/li>\n\n\n\n<li><strong>Richtigkeit der Rechnungs- und Kontoinformationen<\/strong> Wir behalten uns das Recht vor, jede Bestellung abzulehnen, die Sie bei uns aufgeben. Wir k\u00f6nnen nach eigenem Ermessen die pro Person, pro Haushalt oder pro Bestellung gekauften Mengen reduzieren oder streichen. Diese Beschr\u00e4nkungen k\u00f6nnen Bestellungen einschlie\u00dfen, die von demselben Kundenkonto oder mit derselben Kreditkarte aufgegeben werden, und\/oder Bestellungen, die dieselbe Rechnungs- und\/oder Lieferadresse verwenden. Falls wir eine Bestellung \u00e4ndern oder stornieren, werden wir versuchen, Sie \u00fcber die E-Mail-Adresse und\/oder die Rechnungsadresse\/Telefonnummer zu benachrichtigen, die Sie uns zu diesem Zeitpunkt mitgeteilt haben. die Bestellung wurde aufgegeben. Wir behalten uns das Recht vor, Bestellungen einzuschr\u00e4nken oder zu verbieten, die nach unserem alleinigen Urteil von H\u00e4ndlern, Wiederverk\u00e4ufern oder Distributoren zu stammen scheinen. Sie verpflichten sich, aktuelle, vollst\u00e4ndige und korrekte Bestell- und Kontoinformationen f\u00fcr alle in unserem Shop aufgegebenen Bestellungen anzugeben. Sie erkl\u00e4ren sich damit einverstanden, Ihr Konto und andere Informationen, einschlie\u00dflich Ihrer E-Mail-Adresse und Kreditkartennummern und Ablaufdaten, umgehend zu aktualisieren, damit wir Ihre Transaktionen abschlie\u00dfen und Sie bei Bedarf kontaktieren k\u00f6nnen.<\/li>\n\n\n\n<li><strong>Eigentumsvorbehalt und Vertragsbeendigung und \u00c4nderungen<\/strong> Wir behalten uns das Eigentum an der Ware bis zur vollst\u00e4ndigen Bezahlung vor. Wenn Sie sich vertragswidrig verhalten, z. B. auf eine Zahlungserinnerung nicht reagieren, k\u00f6nnen wir nach einer bestimmten Frist vom Vertrag zur\u00fccktreten und die noch in Ihrem Besitz befindliche Ware herausverlangen. Wir behalten uns das Recht vor, einen Vertrag nach einem negativen Ergebnis eines Solvenztests nicht abzuschlie\u00dfen. Gekaufte Gutscheine k\u00f6nnen nicht zur\u00fcckgegeben oder erstattet werden.<\/li>\n\n\n\n<li><strong>F\u00e4lligkeit und Zahlung<\/strong> Wir akzeptieren nur die im Bestellvorgang genannten Zahlungsarten. Der Kaufpreis sowie die Versandkosten werden mit Vertragsabschluss f\u00e4llig. Die Bestellung wird erst nach Zahlungseingang bearbeitet. Ihre Artikel sind f\u00fcr 7 Tage reserviert. Nach Ablauf dieser Frist werden wir Ihre Bestellung stornieren.<\/li>\n\n\n\n<li><strong>Gew\u00e4hrleistung und Haftung<\/strong> Sollte die gelieferte Ware unvollst\u00e4ndig oder besch\u00e4digt sein, z.B. bei Produktm\u00e4ngeln oder Lieferfehlern, sorgen wir f\u00fcr Abhilfe, indem wir die fehlende oder besch\u00e4digte Ware nach R\u00fccksendung auf unsere Kosten erstatten. Unsere Haftung f\u00fcr unsere eigenen Fehler sowie die unserer Mitarbeiter und Vertreter ist auf den oben genannten Teil beschr\u00e4nkt.<\/li>\n\n\n\n<li><strong>Links zu Dritten<\/strong> Bestimmte Inhalte, Produkte und Dienstleistungen, die \u00fcber unseren Service verf\u00fcgbar sind, k\u00f6nnen Materialien von Dritten enthalten. Links von Dritten auf dieser Website k\u00f6nnen Sie zu Websites Dritter f\u00fchren, die nicht mit uns verbunden sind. Wir sind nicht verpflichtet, den Inhalt oder die Richtigkeit solcher Websites zu pr\u00fcfen oder zu bewerten, und wir \u00fcbernehmen keine Garantie oder Haftung f\u00fcr Inhalte, Websites, Produkte, Dienstleistungen oder andere Materialien, die auf oder von diesen Websites Dritter zug\u00e4nglich sind. Wir sind nicht verantwortlich f\u00fcr eventuelle Sch\u00e4den<\/li>\n<\/ul>\n","protected":false},"excerpt":{"rendered":"<p>Allgemeine Verkaufsbedingungen (CGV)<\/p>\n","protected":false},"author":1,"featured_media":0,"parent":0,"menu_order":0,"comment_status":"closed","ping_status":"open","template":"","meta":{"footnotes":""},"class_list":["post-5503","page","type-page","status-publish","hentry"],"jetpack_sharing_enabled":true,"_links":{"self":[{"href":"https:\/\/arminwatch.com\/de\/wp-json\/wp\/v2\/pages\/5503","targetHints":{"allow":["GET"]}}],"collection":[{"href":"https:\/\/arminwatch.com\/de\/wp-json\/wp\/v2\/pages"}],"about":[{"href":"https:\/\/arminwatch.com\/de\/wp-json\/wp\/v2\/types\/page"}],"author":[{"embeddable":true,"href":"https:\/\/arminwatch.com\/de\/wp-json\/wp\/v2\/users\/1"}],"replies":[{"embeddable":true,"href":"https:\/\/arminwatch.com\/de\/wp-json\/wp\/v2\/comments?post=5503"}],"version-history":[{"count":3,"href":"https:\/\/arminwatch.com\/de\/wp-json\/wp\/v2\/pages\/5503\/revisions"}],"predecessor-version":[{"id":5506,"href":"https:\/\/arminwatch.com\/de\/wp-json\/wp\/v2\/pages\/5503\/revisions\/5506"}],"wp:attachment":[{"href":"https:\/\/arminwatch.com\/de\/wp-json\/wp\/v2\/media?parent=5503"}],"curies":[{"name":"wp","href":"https:\/\/api.w.org\/{rel}","templated":true}]}}