{"id":5291,"date":"2019-07-20T00:12:34","date_gmt":"2019-07-19T22:12:34","guid":{"rendered":"https:\/\/arminwatch.com\/index.php\/bedingungen-und-konditionen\/"},"modified":"2023-10-25T08:52:17","modified_gmt":"2023-10-25T06:52:17","slug":"bedingungen-und-konditionen","status":"publish","type":"page","link":"https:\/\/arminwatch.com\/de\/bedingungen-und-konditionen\/","title":{"rendered":"Bedingungen und Konditionen"},"content":{"rendered":"\n<p>1. Akzeptanz der Bedingungen<br\/>Die Nutzung dieser Website unterliegt der Zustimmung zu diesen allgemeinen Bedingungen. Mit dem Zugriff auf diese Website und ihrer Nutzung erkl\u00e4ren Sie sich mit diesen Bedingungen einverstanden.<\/p>\n\n<p>2. Zul\u00e4ssige Verwendung<br\/>Diese Website ist f\u00fcr den pers\u00f6nlichen, nicht kommerziellen Gebrauch bestimmt. Sie verpflichten sich, diese Website nicht f\u00fcr illegale Zwecke zu nutzen, die Rechte anderer nicht zu verletzen, keine anst\u00f6\u00dfigen Inhalte zu verbreiten oder den Betrieb der Website zu st\u00f6ren.<\/p>\n\n<p>3. Geistiges Eigentum<br\/>Alle Inhalte auf dieser Website, wie Texte, Bilder, Logos, Marken usw., sind geistiges Eigentum des Unternehmens oder der jeweiligen Rechteinhaber. Sie verpflichten sich, diese Rechte zu respektieren und diese Inhalte nicht ohne vorherige Genehmigung zu vervielf\u00e4ltigen, zu ver\u00e4ndern, zu verbreiten oder zu verwerten.<\/p>\n\n<p>4. Links zu Websites Dritter<br\/>Diese Website kann Links zu Websites von Dritten enthalten. Diese Links werden nur zu Ihrer Bequemlichkeit zur Verf\u00fcgung gestellt und bedeuten nicht, dass wir den Inhalt dieser Seiten guthei\u00dfen oder daf\u00fcr verantwortlich sind. Der Zugriff auf diese Websites von Dritten erfolgt auf eigene Gefahr.<\/p>\n\n<p>5. Begrenzung der Haftung<br\/>Wir bem\u00fchen uns, auf dieser Website genaue und aktuelle Informationen bereitzustellen. Wir \u00fcbernehmen jedoch keine Gew\u00e4hr f\u00fcr die Richtigkeit, Vollst\u00e4ndigkeit und Aktualit\u00e4t der bereitgestellten Informationen. Wir \u00fcbernehmen keine Haftung f\u00fcr etwaige Fehler, Auslassungen oder Sch\u00e4den, die sich aus der Nutzung dieser Website ergeben.<\/p>\n\n<p>6. Schutz der Daten<br\/>Pers\u00f6nlich Wir legen gro\u00dfen Wert auf den Schutz Ihrer pers\u00f6nlichen Daten. Bitte lesen Sie unsere Datenschutzrichtlinie, um zu verstehen, wie wir Ihre Daten sammeln, verwenden und sch\u00fctzen.<\/p>\n\n<p>7. \u00c4nderungen der Bedingungen und Konditionen<br\/>Wir behalten uns das Recht vor, diese Bedingungen jederzeit und ohne Vorank\u00fcndigung zu \u00e4ndern. Die \u00c4nderungen werden mit der Ver\u00f6ffentlichung auf dieser Website wirksam. Wir empfehlen Ihnen, diese Seite regelm\u00e4\u00dfig zu konsultieren, um sich \u00fcber eventuelle Aktualisierungen zu informieren.<\/p>\n\n<p>8. Anwendbares Recht und zust\u00e4ndige Gerichtsbarkeit<br\/>Die vorliegenden allgemeinen Bedingungen unterliegen schweizerischem Recht, und alle Streitigkeiten im Zusammenhang mit dieser Website unterliegen der ausschlie\u00dflichen Zust\u00e4ndigkeit der Schweizer Gerichte.<\/p>\n\n<p><\/p>\n\n<p><\/p>\n","protected":false},"excerpt":{"rendered":"<p>1. Akzeptanz der BedingungenDie Nutzung dieser Website unterliegt der Zustimmung zu diesen allgemeinen Bedingungen. Mit dem Zugriff auf diese Website und ihrer Nutzung erkl\u00e4ren Sie sich mit diesen Bedingungen einverstanden. 2. Zul\u00e4ssige VerwendungDiese Website ist f\u00fcr den pers\u00f6nlichen, nicht kommerziellen Gebrauch bestimmt. Sie verpflichten sich, diese Website nicht f\u00fcr illegale [&hellip;]<\/p>\n","protected":false},"author":1,"featured_media":0,"parent":0,"menu_order":0,"comment_status":"closed","ping_status":"closed","template":"","meta":{"footnotes":""},"class_list":["post-5291","page","type-page","status-publish","hentry"],"jetpack_sharing_enabled":true,"_links":{"self":[{"href":"https:\/\/arminwatch.com\/de\/wp-json\/wp\/v2\/pages\/5291","targetHints":{"allow":["GET"]}}],"collection":[{"href":"https:\/\/arminwatch.com\/de\/wp-json\/wp\/v2\/pages"}],"about":[{"href":"https:\/\/arminwatch.com\/de\/wp-json\/wp\/v2\/types\/page"}],"author":[{"embeddable":true,"href":"https:\/\/arminwatch.com\/de\/wp-json\/wp\/v2\/users\/1"}],"replies":[{"embeddable":true,"href":"https:\/\/arminwatch.com\/de\/wp-json\/wp\/v2\/comments?post=5291"}],"version-history":[{"count":2,"href":"https:\/\/arminwatch.com\/de\/wp-json\/wp\/v2\/pages\/5291\/revisions"}],"predecessor-version":[{"id":5463,"href":"https:\/\/arminwatch.com\/de\/wp-json\/wp\/v2\/pages\/5291\/revisions\/5463"}],"wp:attachment":[{"href":"https:\/\/arminwatch.com\/de\/wp-json\/wp\/v2\/media?parent=5291"}],"curies":[{"name":"wp","href":"https:\/\/api.w.org\/{rel}","templated":true}]}}