{"id":5287,"date":"2019-07-20T00:10:26","date_gmt":"2019-07-19T22:10:26","guid":{"rendered":"https:\/\/arminwatch.com\/index.php\/datenschutzbestimmungen\/"},"modified":"2023-10-25T08:50:59","modified_gmt":"2023-10-25T06:50:59","slug":"datenschutzbestimmungen","status":"publish","type":"page","link":"https:\/\/arminwatch.com\/de\/datenschutzbestimmungen\/","title":{"rendered":"Datenschutzbestimmungen"},"content":{"rendered":"\n<p>Diese Datenschutzerkl\u00e4rung beschreibt, wie wir Ihre personenbezogenen Daten bei der Nutzung unserer Website erheben, verwenden, verarbeiten und sch\u00fctzen. Bitte lesen Sie diese Datenschutzrichtlinie sorgf\u00e4ltig durch, bevor Sie unsere Website nutzen. Diese Erkl\u00e4rung basiert auf der Europ\u00e4ischen Datenschutzverordnung (DSGVO) und dem neuen Schweizer Datenschutzgesetz (nLPD). Es ist uns sehr wichtig, dass die Daten unserer Kunden mit Respekt vor ihrer Privatsph\u00e4re behandelt werden. Wir verlangen in diesem Bereich absolute Transparenz.<\/p>\n\n<p>Wer sind wir?<br\/>Unsere Website lautet: <a href=\"https:\/\/arminwatch.com\/de\/\">https:\/\/arminwatch.com\/<\/a><\/p>\n\n<ol class=\"wp-block-list\">\n<li>Erhebung von personenbezogenen Daten<br\/>Wenn Sie Formulare auf unserer Website verwenden, k\u00f6nnen wir personenbezogene Daten \u00fcber Sie erfassen, einschlie\u00dflich, aber nicht beschr\u00e4nkt auf Ihren Namen, Ihre E-Mail-Adresse, Ihre Anschrift, Ihre Telefonnummer, Ihren Besuchsverlauf und Ihre IP-Adresse. Wir erheben diese Daten auf unterschiedliche Weise, insbesondere wenn Sie sie uns freiwillig zur Verf\u00fcgung stellen, wenn Sie unseren Newsletter abonnieren, wenn Sie eine Angebotsanfrage oder ein Kontaktformular ausf\u00fcllen, auch w\u00e4hrend eines E-Mail-Austauschs oder wenn Sie mit unserer Website interagieren.<br\/><\/li>\n<\/ol>\n\n<p>2. Verwendung von personenbezogenen Daten<br\/>Wir verwenden die von uns erfassten personenbezogenen Daten, um Ihnen die gew\u00fcnschten Informationen, Produkte oder Dienstleistungen zur Verf\u00fcgung zu stellen, Sie zu kontaktieren, Ihre Erfahrungen auf unserer Website zu personalisieren, unsere Produkte und Dienstleistungen zu verbessern und Sie \u00fcber Aktualisierungen oder Sonderangebote zu informieren. Wir verarbeiten Ihre Daten im Rahmen und auf der Grundlage dieser Einwilligung, es sei denn, es gibt eine andere Rechtsgrundlage oder andere berechtigte Gr\u00fcnde. Eine erteilte Einwilligung kann jederzeit widerrufen werden; dieser Widerruf hat jedoch keine Auswirkungen auf die bereits verarbeiteten Daten.<br\/><\/p>\n\n<p>3. Schutz der personenbezogenen Daten<br\/>Wir verpflichten uns, die Sicherheit Ihrer pers\u00f6nlichen Daten zu sch\u00fctzen. Wir setzen angemessene technische und organisatorische Sicherheitsma\u00dfnahmen ein, um den Verlust, den Missbrauch, den unbefugten Zugriff, die Offenlegung oder die Ver\u00e4nderung Ihrer personenbezogenen Daten zu verhindern.<br\/><\/p>\n\n<p>4. Aufbewahrung von personenbezogenen Daten<br\/>Wir bewahren Ihre personenbezogenen Daten nur so lange auf, wie es f\u00fcr die Zwecke, f\u00fcr die sie erhoben wurden, erforderlich ist, es sei denn, eine l\u00e4ngere Aufbewahrung ist gesetzlich vorgeschrieben. Wir werden geeignete Ma\u00dfnahmen ergreifen, um Ihre personenbezogenen Daten zu l\u00f6schen oder zu anonymisieren, wenn wir sie nicht mehr ben\u00f6tigen.<br\/><\/p>\n\n<p>5. Weitergabe von personenbezogenen Daten<br\/>Wir k\u00f6nnen Ihre personenbezogenen Daten an vertrauensw\u00fcrdige Dritte weitergeben, z. B. an Drittdienstleister, die uns beim Betrieb unserer Website oder bei der Erbringung damit verbundener Dienstleistungen unterst\u00fctzen. Wir stellen sicher, dass diese Dritten die Vertraulichkeit Ihrer personenbezogenen Daten wahren und sie nur f\u00fcr die vereinbarten Zwecke verwenden.<br\/><\/p>\n\n<p>6. Cookies und \u00e4hnliche Technologien<br\/>Unsere Website verwendet Cookies und \u00e4hnliche Technologien, um Ihr Online-Erlebnis zu verbessern, Trends zu analysieren, die Website zu verwalten, Benutzerbewegungen zu verfolgen und demografische Informationen zu sammeln. &#8222;Cookies&#8220; und andere \u00e4hnliche Techniken erm\u00f6glichen es, Ihren Browser oder Ihr Ger\u00e4t zu identifizieren. Ein Cookie ist eine kleine Datei, die von dem Webbrowser, den Sie beim Besuch unserer Website verwenden, an Ihren Computer gesendet oder sogar automatisch auf Ihrem Computer oder Mobilger\u00e4t gespeichert wird. Wenn Sie sich erneut mit unserer Website verbinden, k\u00f6nnen wir Sie anhand dieser Daten erkennen. Sie k\u00f6nnen Cookies \u00fcber Ihre Browsereinstellungen steuern.<br\/><\/p>\n\n<p>7. Links zu Websites von Dritten<br\/>Unsere Website kann Links zu Websites von Dritten enthalten. Wir haben keine Kontrolle \u00fcber diese Websites und sind nicht f\u00fcr deren Datenschutzpraktiken verantwortlich. Wir empfehlen Ihnen, die Datenschutzrichtlinien dieser Websites Dritter zu lesen, bevor Sie Ihre pers\u00f6nlichen Daten angeben.<br\/><\/p>\n\n<p>8. Benutzerrechte<br\/>Sie haben das Recht auf Zugang, Berichtigung, Aktualisierung oder L\u00f6schung Ihrer personenbezogenen Daten. Wenn Sie diese Rechte aus\u00fcben m\u00f6chten oder wenn Sie Fragen oder Bedenken bez\u00fcglich unserer Datenschutzpolitik haben, kontaktieren Sie uns bitte unter <a href=\"https:\/\/arminwatch.com\/de\/kontakt\/#\">info@arminwatch.com<\/a> oder auf einem anderen im rechtlichen Hinweis genannten Weg<br\/><\/p>\n\n<p>9. \u00c4nderungen der Datenschutzbestimmungen<br\/>Wir behalten uns das Recht vor, diese Datenschutzrichtlinie jederzeit und ohne Vorank\u00fcndigung zu \u00e4ndern. Alle \u00c4nderungen werden mit der Ver\u00f6ffentlichung auf unserer Website wirksam. Wir empfehlen Ihnen, diese Datenschutzerkl\u00e4rung regelm\u00e4\u00dfig zu lesen, um sich \u00fcber eventuelle Aktualisierungen zu informieren.<\/p>\n\n<p><br\/>Mit der Nutzung unserer Website erkl\u00e4ren Sie sich mit der Erhebung, Nutzung und Verarbeitung<\/p>\n","protected":false},"excerpt":{"rendered":"<p>Diese Datenschutzerkl\u00e4rung beschreibt, wie wir Ihre personenbezogenen Daten bei der Nutzung unserer Website erheben, verwenden, verarbeiten und sch\u00fctzen. Bitte lesen Sie diese Datenschutzrichtlinie sorgf\u00e4ltig durch, bevor Sie unsere Website nutzen. Diese Erkl\u00e4rung basiert auf der Europ\u00e4ischen Datenschutzverordnung (DSGVO) und dem neuen Schweizer Datenschutzgesetz (nLPD). Es ist uns sehr wichtig, dass [&hellip;]<\/p>\n","protected":false},"author":1,"featured_media":0,"parent":0,"menu_order":0,"comment_status":"closed","ping_status":"closed","template":"","meta":{"footnotes":""},"class_list":["post-5287","page","type-page","status-publish","hentry"],"jetpack_sharing_enabled":true,"_links":{"self":[{"href":"https:\/\/arminwatch.com\/de\/wp-json\/wp\/v2\/pages\/5287","targetHints":{"allow":["GET"]}}],"collection":[{"href":"https:\/\/arminwatch.com\/de\/wp-json\/wp\/v2\/pages"}],"about":[{"href":"https:\/\/arminwatch.com\/de\/wp-json\/wp\/v2\/types\/page"}],"author":[{"embeddable":true,"href":"https:\/\/arminwatch.com\/de\/wp-json\/wp\/v2\/users\/1"}],"replies":[{"embeddable":true,"href":"https:\/\/arminwatch.com\/de\/wp-json\/wp\/v2\/comments?post=5287"}],"version-history":[{"count":2,"href":"https:\/\/arminwatch.com\/de\/wp-json\/wp\/v2\/pages\/5287\/revisions"}],"predecessor-version":[{"id":5461,"href":"https:\/\/arminwatch.com\/de\/wp-json\/wp\/v2\/pages\/5287\/revisions\/5461"}],"wp:attachment":[{"href":"https:\/\/arminwatch.com\/de\/wp-json\/wp\/v2\/media?parent=5287"}],"curies":[{"name":"wp","href":"https:\/\/api.w.org\/{rel}","templated":true}]}}