{"id":5277,"date":"2019-10-08T06:14:38","date_gmt":"2019-10-08T04:14:38","guid":{"rendered":"https:\/\/arminwatch.com\/index.php\/botschafter-werden\/"},"modified":"2023-11-10T07:47:20","modified_gmt":"2023-11-10T06:47:20","slug":"botschafter-werden","status":"publish","type":"page","link":"https:\/\/arminwatch.com\/de\/botschafter-werden\/","title":{"rendered":"Botschafter werden"},"content":{"rendered":"<section class=\"wpb-content-wrapper\">[vc_row et_full_width=&#8220;true&#8220; et_row_padding=&#8220;true&#8220; thb_column_padding=&#8220;true&#8220; css=&#8220;.vc_custom_1578374085998{background-position: center !important;background-repeat: no-repeat !important;background-size: cover !important;}&#8220;][vc_column et_column_color=&#8220;et-light-column&#8220;]\r\n\t\t<div class=\"et-banner-69e62229f1a1f et-banner content-full  image-type-css vh-height text-color-light hover-effect  \"><div class=\"et-banner-image\" role=\"img\" aria-label=\"Generative ai photo collage of smart successful business person\" data-image=\"https:\/\/arminwatch.com\/wp-content\/uploads\/2023\/11\/Armin-Swiss_logo-bl-Recupere-scaled.jpg\" style=\"background-image: url(https:\/\/arminwatch.com\/wp-content\/uploads\/2023\/11\/Armin-Swiss_logo-bl-Recupere-scaled.jpg);\"><\/div>\r\n\t\t\t<div class=\"et-banner-content\">\r\n\t\t\t\t<div class=\"et-banner-content-inner container\">\r\n\t\t\t\t\t<div class=\"et-banner-text h_center v_center align_center\">\r\n\t\t\t\t\t\t<div class=\"et-banner-text-inner\"><h4 class=\"et-banner-subtitle  color-accent tag_style\">AMBASSADOR<\/h4><h2 class=\"et-banner-title color- xlarge\">M\u00f6chten Sie mit uns zusammenarbeiten?<\/h2><\/div>\r\n\t\t\t\t\t<\/div>\r\n\t\t\t\t<\/div>\r\n\t\t\t<\/div>\r\n\t\t<\/div>[\/vc_column][\/vc_row][vc_row el_class=&#8220;align-center&#8220; css=&#8220;.vc_custom_1579122603184{padding-top: 60px !important;padding-bottom: 40px !important;}&#8220;][vc_column offset=&#8220;vc_col-md-6&#8243;][vc_row_inner][vc_column_inner][vc_column_text]\n<h5 class=\"fancy-title accent-color\" style=\"text-align: center;\">Botschafter werden<\/h5>\n<h2 style=\"text-align: center;\">  Gewinnen Sie eine Provision f\u00fcr jeden Verkauf, den Sie mit dem Armin Ambassador Programm t\u00e4tigen.<\/h2>\n[\/vc_column_text][\/vc_column_inner][\/vc_row_inner][vc_row_inner][vc_column_inner width=&#8220;1\/2&#8243;][vc_column_text]<strong>Anmeldung :<\/strong><br \/>\nUm Botschafter zu werden, m\u00fcssen Sie sich nur registrieren, indem Sie uns Ihre Daten \u00fcber das unten stehende Formular zusenden. Sobald Sie sich registriert haben, erhalten Sie eine E-Mail zur Best\u00e4tigung Ihrer Registrierung mit Ihrer Armin Ambassador ID.<\/p>\n<p><strong>Vorteil :<\/strong><br \/>\nSobald Ihr Ambassador-Konto aktiv ist, k\u00f6nnen Sie Uhren f\u00fcr Ihre Familie, Ihre Freunde oder andere Personen in Ihrem Umfeld bestellen und erhalten dank eines speziell f\u00fcr Sie erstellten Rabattcodes automatisch 7 % Rabatt auf Ihren Warenkorb.[\/vc_column_text][\/vc_column_inner][vc_column_inner width=&#8220;1\/2&#8243;][vc_column_text]<strong>Was habe ich davon, ARMIN WACHES AMBASSADOR zu sein? :<\/strong><\/p>\n<p>Sie erhalten nicht nur einen exklusiven Rabatt von -7% auf alle unsere Produkte, sondern auch eine Provision von 12% auf jeden mit Ihrer ARMIN AMBASSADOR ID registrierten Verkauf.<\/p>\n<p>Sie erhalten automatisch eine Einladung, die Ihnen Zugang zu allen unseren exklusiven Veranstaltungen verschafft, insbesondere zu Pr\u00e4sentationen, Markteinf\u00fchrungen oder Messen.<\/p>\n<p>Jeder Botschafter, der durch die Repr\u00e4sentation unserer Marke das GOLD LEVEL erreicht hat, wird das Privileg haben, eine ARMIN Unique Uhr von unserem Gr\u00fcnder und CEO zu erhalten.[\/vc_column_text][\/vc_column_inner][\/vc_row_inner][\/vc_column][\/vc_row][vc_row el_class=&#8220;align-center&#8220; css=&#8220;.vc_custom_1579122623415{padding-bottom: 40px !important;}&#8220;][vc_column offset=&#8220;vc_col-md-6&#8243;]\t<div id=\"et-testimonials-88\" class=\"slick-dots-centered et-testimonials-slider slick\" data-pagination=\"true\" data-navigation=\"true\" data-infinite=\"true\"  data-columns=\"1\" data-mobile-columns=\"1\"   data-autoplay=\"true\" data-autoplay-speed=\"2000\" data-pause=\"\" >\n\t\t\t<div class=\"et-testimonial  has-image\">\n\t\t\t\t<blockquote><p>Salvia vaporware butcher humblebrag brunch lomo, plaid iceland butcher.<\/p>\n<\/blockquote>\n\t\t\t\t\t<div class=\"et-testimonial-image\"><img loading=\"lazy\" decoding=\"async\" width=\"105\" height=\"140\" src=\"https:\/\/arminwatch.com\/wp-content\/uploads\/2019\/09\/shirt-E1.jpg\" class=\"attachment-140x140 size-140x140\" alt=\"\" srcset=\"https:\/\/arminwatch.com\/wp-content\/uploads\/2019\/09\/shirt-E1.jpg 1000w, https:\/\/arminwatch.com\/wp-content\/uploads\/2019\/09\/shirt-E1-600x799.jpg 600w, https:\/\/arminwatch.com\/wp-content\/uploads\/2019\/09\/shirt-E1-900x1199.jpg 900w\" sizes=\"auto, (max-width: 105px) 100vw, 105px\" \/><\/div>\n\t\t\t<div class=\"et-testimonial-author\">\n\t\t\t\t<cite>Sarah Connor<\/cite><span class=\"title\">Waitress<\/span>\t\t\t<\/div>\n\t\t\t<\/div>\n\n\t\t<div class=\"et-testimonial  has-image\">\n\t\t\t\t<blockquote><p>Tattooed ennui pop-up hammock gentrify yr microdosing fingerstache.<\/p>\n<\/blockquote>\n\t\t\t\t\t<div class=\"et-testimonial-image\"><img loading=\"lazy\" decoding=\"async\" width=\"93\" height=\"140\" src=\"https:\/\/arminwatch.com\/wp-content\/uploads\/2019\/09\/shirt-B4.jpg\" class=\"attachment-140x140 size-140x140\" alt=\"\" srcset=\"https:\/\/arminwatch.com\/wp-content\/uploads\/2019\/09\/shirt-B4.jpg 1000w, https:\/\/arminwatch.com\/wp-content\/uploads\/2019\/09\/shirt-B4-600x901.jpg 600w, https:\/\/arminwatch.com\/wp-content\/uploads\/2019\/09\/shirt-B4-900x1351.jpg 900w\" sizes=\"auto, (max-width: 93px) 100vw, 93px\" \/><\/div>\n\t\t\t<div class=\"et-testimonial-author\">\n\t\t\t\t<cite>Calvin Reeves<\/cite><span class=\"title\">Model<\/span>\t\t\t<\/div>\n\t\t\t<\/div>\n\n\t\t<\/div>\n\t[\/vc_column][\/vc_row][vc_row et_full_width=&#8220;true&#8220; et_row_padding=&#8220;true&#8220; css=&#8220;.vc_custom_1588814232760{padding-top: 60px !important;padding-bottom: 40px !important;background-color: #f6f6f6 !important;}&#8220;][vc_column][vc_row_inner et_column_align=&#8220;align-center&#8220;][vc_column_inner offset=&#8220;vc_col-lg-5&#8243;][vc_column_text]\n<h5 class=\"fancy-title accent-color\">Formular<\/h5>\n<h1>Wir sind bereit, lassen Sie uns registrieren.<\/h1>\n<p>Werden Sie jetzt Botschafter, indem Sie sich \u00fcber das untenstehende Formular anmelden und verdienen Sie Provisionen.[\/vc_column_text]<noscript class=\"ninja-forms-noscript-message\">\n\tNotice: JavaScript is required for this content.<\/noscript>\n<div id=\"nf-form-1-cont\" class=\"nf-form-cont\" aria-live=\"polite\" aria-labelledby=\"nf-form-title-1\" aria-describedby=\"nf-form-errors-1\" role=\"form\">\n\n    <div class=\"nf-loading-spinner\"><\/div>\n\n<\/div>\n        <!-- That data is being printed as a workaround to page builders reordering the order of the scripts loaded-->\n        <script>var formDisplay=1;var nfForms=nfForms||[];var form=[];form.id='1';form.settings={\"title\":\"Contact Me\",\"key\":\"\",\"created_at\":\"2023-09-19 08:07:03\",\"default_label_pos\":\"above\",\"conditions\":[],\"objectType\":\"Form Setting\",\"editActive\":\"\",\"show_title\":\"1\",\"clear_complete\":\"1\",\"hide_complete\":\"1\",\"wrapper_class\":\"\",\"element_class\":\"\",\"add_submit\":\"1\",\"logged_in\":\"\",\"not_logged_in_msg\":\"\",\"sub_limit_number\":\"\",\"sub_limit_msg\":\"\",\"calculations\":[],\"formContentData\":[{\"order\":\"0\",\"cells\":[{\"order\":\"0\",\"fields\":[\"name\"],\"width\":\"100\"}]},{\"order\":\"1\",\"cells\":[{\"order\":\"0\",\"fields\":[\"email\"],\"width\":\"100\"}]},{\"order\":\"2\",\"cells\":[{\"order\":\"0\",\"fields\":[\"message\"],\"width\":\"100\"}]},{\"order\":\"3\",\"cells\":[{\"order\":\"0\",\"fields\":[\"submit\"],\"width\":\"100\"}]}],\"container_styles_background-color\":\"\",\"container_styles_border\":\"\",\"container_styles_border-style\":\"\",\"container_styles_border-color\":\"\",\"container_styles_color\":\"\",\"container_styles_height\":\"\",\"container_styles_width\":\"\",\"container_styles_font-size\":\"\",\"container_styles_margin\":\"\",\"container_styles_padding\":\"\",\"container_styles_display\":\"\",\"container_styles_float\":\"\",\"container_styles_show_advanced_css\":\"0\",\"container_styles_advanced\":\"\",\"title_styles_background-color\":\"\",\"title_styles_border\":\"\",\"title_styles_border-style\":\"\",\"title_styles_border-color\":\"\",\"title_styles_color\":\"\",\"title_styles_height\":\"\",\"title_styles_width\":\"\",\"title_styles_font-size\":\"\",\"title_styles_margin\":\"\",\"title_styles_padding\":\"\",\"title_styles_display\":\"\",\"title_styles_float\":\"\",\"title_styles_show_advanced_css\":\"0\",\"title_styles_advanced\":\"\",\"row_styles_background-color\":\"\",\"row_styles_border\":\"\",\"row_styles_border-style\":\"\",\"row_styles_border-color\":\"\",\"row_styles_color\":\"\",\"row_styles_height\":\"\",\"row_styles_width\":\"\",\"row_styles_font-size\":\"\",\"row_styles_margin\":\"\",\"row_styles_padding\":\"\",\"row_styles_display\":\"\",\"row_styles_show_advanced_css\":\"0\",\"row_styles_advanced\":\"\",\"row-odd_styles_background-color\":\"\",\"row-odd_styles_border\":\"\",\"row-odd_styles_border-style\":\"\",\"row-odd_styles_border-color\":\"\",\"row-odd_styles_color\":\"\",\"row-odd_styles_height\":\"\",\"row-odd_styles_width\":\"\",\"row-odd_styles_font-size\":\"\",\"row-odd_styles_margin\":\"\",\"row-odd_styles_padding\":\"\",\"row-odd_styles_display\":\"\",\"row-odd_styles_show_advanced_css\":\"0\",\"row-odd_styles_advanced\":\"\",\"success-msg_styles_background-color\":\"\",\"success-msg_styles_border\":\"\",\"success-msg_styles_border-style\":\"\",\"success-msg_styles_border-color\":\"\",\"success-msg_styles_color\":\"\",\"success-msg_styles_height\":\"\",\"success-msg_styles_width\":\"\",\"success-msg_styles_font-size\":\"\",\"success-msg_styles_margin\":\"\",\"success-msg_styles_padding\":\"\",\"success-msg_styles_display\":\"\",\"success-msg_styles_show_advanced_css\":\"0\",\"success-msg_styles_advanced\":\"\",\"error_msg_styles_background-color\":\"\",\"error_msg_styles_border\":\"\",\"error_msg_styles_border-style\":\"\",\"error_msg_styles_border-color\":\"\",\"error_msg_styles_color\":\"\",\"error_msg_styles_height\":\"\",\"error_msg_styles_width\":\"\",\"error_msg_styles_font-size\":\"\",\"error_msg_styles_margin\":\"\",\"error_msg_styles_padding\":\"\",\"error_msg_styles_display\":\"\",\"error_msg_styles_show_advanced_css\":\"0\",\"error_msg_styles_advanced\":\"\",\"ninjaForms\":\"Ninja Forms\",\"changeEmailErrorMsg\":\"Please enter a valid email address!\",\"changeDateErrorMsg\":\"Please enter a valid date!\",\"confirmFieldErrorMsg\":\"These fields must match!\",\"fieldNumberNumMinError\":\"Number Min Error\",\"fieldNumberNumMaxError\":\"Number Max Error\",\"fieldNumberIncrementBy\":\"Please increment by \",\"fieldTextareaRTEInsertLink\":\"Insert Link\",\"fieldTextareaRTEInsertMedia\":\"Insert Media\",\"fieldTextareaRTESelectAFile\":\"Select a file\",\"formErrorsCorrectErrors\":\"Please correct errors before submitting this form.\",\"formHoneypot\":\"If you are a human seeing this field, please leave it empty.\",\"validateRequiredField\":\"This is a required field.\",\"honeypotHoneypotError\":\"Honeypot Error\",\"fileUploadOldCodeFileUploadInProgress\":\"File Upload in Progress.\",\"fileUploadOldCodeFileUpload\":\"FILE UPLOAD\",\"currencySymbol\":false,\"fieldsMarkedRequired\":\"Fields marked with an <span class=\\\"ninja-forms-req-symbol\\\">*<\\\/span> are required\",\"thousands_sep\":\".\",\"decimal_point\":\",\",\"siteLocale\":\"de_DE\",\"dateFormat\":\"m\\\/d\\\/Y\",\"startOfWeek\":\"1\",\"of\":\"of\",\"previousMonth\":\"Previous Month\",\"nextMonth\":\"Next Month\",\"months\":[\"January\",\"February\",\"March\",\"April\",\"May\",\"June\",\"July\",\"August\",\"September\",\"October\",\"November\",\"December\"],\"monthsShort\":[\"Jan\",\"Feb\",\"Mar\",\"Apr\",\"May\",\"Jun\",\"Jul\",\"Aug\",\"Sep\",\"Oct\",\"Nov\",\"Dec\"],\"weekdays\":[\"Sunday\",\"Monday\",\"Tuesday\",\"Wednesday\",\"Thursday\",\"Friday\",\"Saturday\"],\"weekdaysShort\":[\"Sun\",\"Mon\",\"Tue\",\"Wed\",\"Thu\",\"Fri\",\"Sat\"],\"weekdaysMin\":[\"Su\",\"Mo\",\"Tu\",\"We\",\"Th\",\"Fr\",\"Sa\"],\"recaptchaConsentMissing\":\"reCaptcha validation couldn&#039;t load.\",\"recaptchaMissingCookie\":\"reCaptcha v3 validation couldn&#039;t load the cookie needed to submit the form.\",\"recaptchaConsentEvent\":\"Accept reCaptcha cookies before sending the form.\",\"embed_form\":\"\",\"currency_symbol\":\"\",\"beforeForm\":\"\",\"beforeFields\":\"\",\"afterFields\":\"\",\"afterForm\":\"\"};form.fields=[{\"label\":\"Name\",\"key\":\"name\",\"parent_id\":1,\"type\":\"textbox\",\"created_at\":\"2023-09-19 08:07:04\",\"label_pos\":\"above\",\"required\":1,\"order\":1,\"placeholder\":\"\",\"default\":\"\",\"wrapper_class\":\"\",\"element_class\":\"\",\"objectType\":\"Field\",\"objectDomain\":\"fields\",\"editActive\":\"\",\"container_class\":\"\",\"input_limit\":\"\",\"input_limit_type\":\"characters\",\"input_limit_msg\":\"Character(s) left\",\"manual_key\":\"\",\"disable_input\":\"\",\"admin_label\":\"\",\"help_text\":\"\",\"desc_text\":\"\",\"disable_browser_autocomplete\":\"\",\"mask\":\"\",\"custom_mask\":\"\",\"wrap_styles_background-color\":\"\",\"wrap_styles_border\":\"\",\"wrap_styles_border-style\":\"\",\"wrap_styles_border-color\":\"\",\"wrap_styles_color\":\"\",\"wrap_styles_height\":\"\",\"wrap_styles_width\":\"\",\"wrap_styles_font-size\":\"\",\"wrap_styles_margin\":\"\",\"wrap_styles_padding\":\"\",\"wrap_styles_display\":\"\",\"wrap_styles_float\":\"\",\"wrap_styles_show_advanced_css\":0,\"wrap_styles_advanced\":\"\",\"label_styles_background-color\":\"\",\"label_styles_border\":\"\",\"label_styles_border-style\":\"\",\"label_styles_border-color\":\"\",\"label_styles_color\":\"\",\"label_styles_height\":\"\",\"label_styles_width\":\"\",\"label_styles_font-size\":\"\",\"label_styles_margin\":\"\",\"label_styles_padding\":\"\",\"label_styles_display\":\"\",\"label_styles_float\":\"\",\"label_styles_show_advanced_css\":0,\"label_styles_advanced\":\"\",\"element_styles_background-color\":\"\",\"element_styles_border\":\"\",\"element_styles_border-style\":\"\",\"element_styles_border-color\":\"\",\"element_styles_color\":\"\",\"element_styles_height\":\"\",\"element_styles_width\":\"\",\"element_styles_font-size\":\"\",\"element_styles_margin\":\"\",\"element_styles_padding\":\"\",\"element_styles_display\":\"\",\"element_styles_float\":\"\",\"element_styles_show_advanced_css\":0,\"element_styles_advanced\":\"\",\"cellcid\":\"c3277\",\"id\":1,\"beforeField\":\"\",\"afterField\":\"\",\"value\":\"\",\"parentType\":\"textbox\",\"element_templates\":[\"textbox\",\"input\"],\"old_classname\":\"\",\"wrap_template\":\"wrap\"},{\"label\":\"Email\",\"key\":\"email\",\"parent_id\":1,\"type\":\"email\",\"created_at\":\"2023-09-19 08:07:04\",\"label_pos\":\"above\",\"required\":1,\"order\":2,\"placeholder\":\"\",\"default\":\"\",\"wrapper_class\":\"\",\"element_class\":\"\",\"objectType\":\"Field\",\"objectDomain\":\"fields\",\"editActive\":\"\",\"container_class\":\"\",\"admin_label\":\"\",\"help_text\":\"\",\"desc_text\":\"\",\"wrap_styles_background-color\":\"\",\"wrap_styles_border\":\"\",\"wrap_styles_border-style\":\"\",\"wrap_styles_border-color\":\"\",\"wrap_styles_color\":\"\",\"wrap_styles_height\":\"\",\"wrap_styles_width\":\"\",\"wrap_styles_font-size\":\"\",\"wrap_styles_margin\":\"\",\"wrap_styles_padding\":\"\",\"wrap_styles_display\":\"\",\"wrap_styles_float\":\"\",\"wrap_styles_show_advanced_css\":0,\"wrap_styles_advanced\":\"\",\"label_styles_background-color\":\"\",\"label_styles_border\":\"\",\"label_styles_border-style\":\"\",\"label_styles_border-color\":\"\",\"label_styles_color\":\"\",\"label_styles_height\":\"\",\"label_styles_width\":\"\",\"label_styles_font-size\":\"\",\"label_styles_margin\":\"\",\"label_styles_padding\":\"\",\"label_styles_display\":\"\",\"label_styles_float\":\"\",\"label_styles_show_advanced_css\":0,\"label_styles_advanced\":\"\",\"element_styles_background-color\":\"\",\"element_styles_border\":\"\",\"element_styles_border-style\":\"\",\"element_styles_border-color\":\"\",\"element_styles_color\":\"\",\"element_styles_height\":\"\",\"element_styles_width\":\"\",\"element_styles_font-size\":\"\",\"element_styles_margin\":\"\",\"element_styles_padding\":\"\",\"element_styles_display\":\"\",\"element_styles_float\":\"\",\"element_styles_show_advanced_css\":0,\"element_styles_advanced\":\"\",\"cellcid\":\"c3281\",\"id\":2,\"beforeField\":\"\",\"afterField\":\"\",\"value\":\"\",\"parentType\":\"email\",\"element_templates\":[\"email\",\"input\"],\"old_classname\":\"\",\"wrap_template\":\"wrap\"},{\"label\":\"Message\",\"key\":\"message\",\"parent_id\":1,\"type\":\"textarea\",\"created_at\":\"2023-09-19 08:07:04\",\"label_pos\":\"above\",\"required\":1,\"order\":3,\"placeholder\":\"\",\"default\":\"\",\"wrapper_class\":\"\",\"element_class\":\"\",\"objectType\":\"Field\",\"objectDomain\":\"fields\",\"editActive\":\"\",\"container_class\":\"\",\"input_limit\":\"\",\"input_limit_type\":\"characters\",\"input_limit_msg\":\"Character(s) left\",\"manual_key\":\"\",\"disable_input\":\"\",\"admin_label\":\"\",\"help_text\":\"\",\"desc_text\":\"\",\"disable_browser_autocomplete\":\"\",\"textarea_rte\":\"\",\"disable_rte_mobile\":\"\",\"textarea_media\":\"\",\"wrap_styles_background-color\":\"\",\"wrap_styles_border\":\"\",\"wrap_styles_border-style\":\"\",\"wrap_styles_border-color\":\"\",\"wrap_styles_color\":\"\",\"wrap_styles_height\":\"\",\"wrap_styles_width\":\"\",\"wrap_styles_font-size\":\"\",\"wrap_styles_margin\":\"\",\"wrap_styles_padding\":\"\",\"wrap_styles_display\":\"\",\"wrap_styles_float\":\"\",\"wrap_styles_show_advanced_css\":0,\"wrap_styles_advanced\":\"\",\"label_styles_background-color\":\"\",\"label_styles_border\":\"\",\"label_styles_border-style\":\"\",\"label_styles_border-color\":\"\",\"label_styles_color\":\"\",\"label_styles_height\":\"\",\"label_styles_width\":\"\",\"label_styles_font-size\":\"\",\"label_styles_margin\":\"\",\"label_styles_padding\":\"\",\"label_styles_display\":\"\",\"label_styles_float\":\"\",\"label_styles_show_advanced_css\":0,\"label_styles_advanced\":\"\",\"element_styles_background-color\":\"\",\"element_styles_border\":\"\",\"element_styles_border-style\":\"\",\"element_styles_border-color\":\"\",\"element_styles_color\":\"\",\"element_styles_height\":\"\",\"element_styles_width\":\"\",\"element_styles_font-size\":\"\",\"element_styles_margin\":\"\",\"element_styles_padding\":\"\",\"element_styles_display\":\"\",\"element_styles_float\":\"\",\"element_styles_show_advanced_css\":0,\"element_styles_advanced\":\"\",\"cellcid\":\"c3284\",\"id\":3,\"beforeField\":\"\",\"afterField\":\"\",\"value\":\"\",\"parentType\":\"textarea\",\"element_templates\":[\"textarea\",\"input\"],\"old_classname\":\"\",\"wrap_template\":\"wrap\"},{\"label\":\"Submit\",\"key\":\"submit\",\"parent_id\":1,\"type\":\"submit\",\"created_at\":\"2023-09-19 08:07:04\",\"processing_label\":\"Processing\",\"order\":5,\"objectType\":\"Field\",\"objectDomain\":\"fields\",\"editActive\":\"\",\"container_class\":\"\",\"element_class\":\"\",\"wrap_styles_background-color\":\"\",\"wrap_styles_border\":\"\",\"wrap_styles_border-style\":\"\",\"wrap_styles_border-color\":\"\",\"wrap_styles_color\":\"\",\"wrap_styles_height\":\"\",\"wrap_styles_width\":\"\",\"wrap_styles_font-size\":\"\",\"wrap_styles_margin\":\"\",\"wrap_styles_padding\":\"\",\"wrap_styles_display\":\"\",\"wrap_styles_float\":\"\",\"wrap_styles_show_advanced_css\":0,\"wrap_styles_advanced\":\"\",\"label_styles_background-color\":\"\",\"label_styles_border\":\"\",\"label_styles_border-style\":\"\",\"label_styles_border-color\":\"\",\"label_styles_color\":\"\",\"label_styles_height\":\"\",\"label_styles_width\":\"\",\"label_styles_font-size\":\"\",\"label_styles_margin\":\"\",\"label_styles_padding\":\"\",\"label_styles_display\":\"\",\"label_styles_float\":\"\",\"label_styles_show_advanced_css\":0,\"label_styles_advanced\":\"\",\"element_styles_background-color\":\"\",\"element_styles_border\":\"\",\"element_styles_border-style\":\"\",\"element_styles_border-color\":\"\",\"element_styles_color\":\"\",\"element_styles_height\":\"\",\"element_styles_width\":\"\",\"element_styles_font-size\":\"\",\"element_styles_margin\":\"\",\"element_styles_padding\":\"\",\"element_styles_display\":\"\",\"element_styles_float\":\"\",\"element_styles_show_advanced_css\":0,\"element_styles_advanced\":\"\",\"submit_element_hover_styles_background-color\":\"\",\"submit_element_hover_styles_border\":\"\",\"submit_element_hover_styles_border-style\":\"\",\"submit_element_hover_styles_border-color\":\"\",\"submit_element_hover_styles_color\":\"\",\"submit_element_hover_styles_height\":\"\",\"submit_element_hover_styles_width\":\"\",\"submit_element_hover_styles_font-size\":\"\",\"submit_element_hover_styles_margin\":\"\",\"submit_element_hover_styles_padding\":\"\",\"submit_element_hover_styles_display\":\"\",\"submit_element_hover_styles_float\":\"\",\"submit_element_hover_styles_show_advanced_css\":0,\"submit_element_hover_styles_advanced\":\"\",\"cellcid\":\"c3287\",\"id\":4,\"beforeField\":\"\",\"afterField\":\"\",\"value\":\"\",\"label_pos\":\"above\",\"parentType\":\"textbox\",\"element_templates\":[\"submit\",\"button\",\"input\"],\"old_classname\":\"\",\"wrap_template\":\"wrap-no-label\"}];nfForms.push(form);<\/script>\n        [\/vc_column_inner][\/vc_row_inner][\/vc_column][\/vc_row]\n<\/section>","protected":false},"excerpt":{"rendered":"<p>[vc_row et_full_width=&#8220;true&#8220; et_row_padding=&#8220;true&#8220; thb_column_padding=&#8220;true&#8220; css=&#8220;.vc_custom_1578374085998{background-position: center !important;background-repeat: no-repeat !important;background-size: cover !important;}&#8220;][vc_column et_column_color=&#8220;et-light-column&#8220;][\/vc_column][\/vc_row][vc_row el_class=&#8220;align-center&#8220; css=&#8220;.vc_custom_1579122603184{padding-top: 60px !important;padding-bottom: 40px !important;}&#8220;][vc_column offset=&#8220;vc_col-md-6&#8243;][vc_row_inner][vc_column_inner][vc_column_text] Botschafter werden Gewinnen Sie eine Provision f\u00fcr jeden Verkauf, den Sie mit dem Armin Ambassador Programm t\u00e4tigen. [\/vc_column_text][\/vc_column_inner][\/vc_row_inner][vc_row_inner][vc_column_inner width=&#8220;1\/2&#8243;][vc_column_text]Anmeldung : Um Botschafter zu werden, m\u00fcssen Sie sich nur registrieren, indem Sie [&hellip;]<\/p>\n","protected":false},"author":1,"featured_media":0,"parent":0,"menu_order":0,"comment_status":"closed","ping_status":"closed","template":"","meta":{"footnotes":""},"class_list":["post-5277","page","type-page","status-publish","hentry"],"jetpack_sharing_enabled":true,"_links":{"self":[{"href":"https:\/\/arminwatch.com\/de\/wp-json\/wp\/v2\/pages\/5277","targetHints":{"allow":["GET"]}}],"collection":[{"href":"https:\/\/arminwatch.com\/de\/wp-json\/wp\/v2\/pages"}],"about":[{"href":"https:\/\/arminwatch.com\/de\/wp-json\/wp\/v2\/types\/page"}],"author":[{"embeddable":true,"href":"https:\/\/arminwatch.com\/de\/wp-json\/wp\/v2\/users\/1"}],"replies":[{"embeddable":true,"href":"https:\/\/arminwatch.com\/de\/wp-json\/wp\/v2\/comments?post=5277"}],"version-history":[{"count":3,"href":"https:\/\/arminwatch.com\/de\/wp-json\/wp\/v2\/pages\/5277\/revisions"}],"predecessor-version":[{"id":5547,"href":"https:\/\/arminwatch.com\/de\/wp-json\/wp\/v2\/pages\/5277\/revisions\/5547"}],"wp:attachment":[{"href":"https:\/\/arminwatch.com\/de\/wp-json\/wp\/v2\/media?parent=5277"}],"curies":[{"name":"wp","href":"https:\/\/api.w.org\/{rel}","templated":true}]}}