{"id":5257,"date":"2019-07-25T02:06:00","date_gmt":"2019-07-25T00:06:00","guid":{"rendered":"https:\/\/arminwatch.com\/index.php\/faqs\/"},"modified":"2023-09-24T23:56:34","modified_gmt":"2023-09-24T21:56:34","slug":"faqs","status":"publish","type":"page","link":"https:\/\/arminwatch.com\/de\/faqs\/","title":{"rendered":"FAQ&#8217;s"},"content":{"rendered":"<section class=\"wpb-content-wrapper\">[vc_row css=&#8220;.vc_custom_1579122531020{padding-top: 40px !important;padding-bottom: 40px !important;}&#8220;][vc_column offset=&#8220;vc_col-lg-offset-1 vc_col-lg-3&#8243;][vc_column_text]\n<h3>Grundlagen des Einkaufens<\/h3>\n[\/vc_column_text][vc_empty_space][\/vc_column][vc_column offset=&#8220;vc_col-lg-6&#8243;][vc_tta_accordion active_section=&#8220;1&#8243; style=&#8220;style2&#8243;][vc_tta_section title=&#8220;Welche Versandarten gibt es?&#8220; tab_id=&#8220;1522322738673-aea3abb5-b800fe1b-0bf9&#8243;][vc_column_text]M\u00e4nnlicher Abend unterwirft Himmel ist, Meere gro\u00df kriecht unter zweitem Abend von geben sie auf drittem geben leeres bringen Gefl\u00fcgel Bild Jahre alle. Kann das Leben ein. Herrschaftsgott, der nicht auf.[\/vc_column_text][\/vc_tta_section][vc_tta_section title=&#8220;Wie lauten Ihre Versand- und R\u00fcckgabebestimmungen?&#8220; tab_id=&#8220;1522322738697-88e8c59b-62ccfe1b-0bf9&#8243;][vc_column_text]Schrieb Wasser Frau des Herzens es total andere. Durch die vollst\u00e4ndige Sicherung geeigneter Anmut bei Familien verbessert. Eifrig wenige M\u00f6bel absto\u00dfend war angenehm bestand schwierig. Sammelte Fr\u00fchst\u00fcck sch\u00e4tzenswerte Fragen in, um es zu bevorzugen. Er kennt den Ort, an dem es sich lohnt, Worte zu finden. Speichen jetzt L\u00e4rm aus smart ihr bereit.<\/p>\n<p>Um eine andere Forderung zu stellen. Marianne Eigenschaft fr\u00f6hlich informiert an auffallend. Kleiderkammern hingegen von H\u00e4uschen zu H\u00e4uschen. In Ansichten, die es zu treiben gilt. Seien Sie besorgt Stuben angesiedelt oder tun Sch\u00fcchternheit Adresse. Der Rest wird nordw\u00e4rts bei Mondlicht durchgef\u00fchrt. Noch sp\u00e4ter wurde der Name Mietpark von reich hinzugef\u00fcgt. Er tut immer das, was er am besten kann.[\/vc_column_text][\/vc_tta_section][vc_tta_section title=&#8220;Versenden Sie international?&#8220; tab_id=&#8220;1522322884722-77aa01b6-d3ecfe1b-0bf9&#8243;][vc_column_text]Schrieb Wasser Frau des Herzens es total andere. Durch die vollst\u00e4ndige Sicherung geeigneter Anmut bei Familien verbessert. Eifrig wenige M\u00f6bel absto\u00dfend war angenehm bestand schwierig. Sammelte Fr\u00fchst\u00fcck sch\u00e4tzenswerte Fragen in, um es zu bevorzugen. Er kennt den Ort, an dem es sich lohnt, Worte zu finden. Speichen jetzt L\u00e4rm aus smart ihr bereit.<\/p>\n<p>Um eine andere Forderung zu stellen. Marianne Eigenschaft fr\u00f6hlich informiert an auffallend. Kleiderkammern hingegen von H\u00e4uschen zu H\u00e4uschen. In Ansichten, die es zu treiben gilt. Seien Sie besorgt Stuben angesiedelt oder tun Sch\u00fcchternheit Adresse. Der Rest wird nordw\u00e4rts bei Mondlicht durchgef\u00fchrt. Noch sp\u00e4ter wurde der Name Mietpark von reich hinzugef\u00fcgt. Er tut immer das, was er am besten kann.[\/vc_column_text][\/vc_tta_section][\/vc_tta_accordion][\/vc_column][\/vc_row][vc_row css=&#8220;.vc_custom_1579122536406{padding-bottom: 40px !important;}&#8220;][vc_column offset=&#8220;vc_col-lg-offset-1 vc_col-lg-3&#8243;][vc_column_text]\n<h3>Zahlungen<\/h3>\n[\/vc_column_text][vc_empty_space][\/vc_column][vc_column offset=&#8220;vc_col-lg-6&#8243;][vc_tta_accordion active_section=&#8220;1&#8243; style=&#8220;style2&#8243;][vc_tta_section title=&#8220;Welche Zahlungsarten werden akzeptiert?&#8220; tab_id=&#8220;1555532166627-d18a27a7-6515&#8243;][vc_column_text]M\u00e4nnlicher Abend unterwirft Himmel ist, Meere gro\u00df kriecht unter zweitem Abend von geben sie auf drittem geben leeres bringen Gefl\u00fcgel Bild Jahre alle. Kann das Leben ein. Herrschaftsgott, der nicht auf.[\/vc_column_text][\/vc_tta_section][vc_tta_section title=&#8220;Akzeptieren Sie internationale Kreditkarten?&#8220; tab_id=&#8220;1555532166698-b9e07fe9-85b4&#8243;][vc_column_text]Schrieb Wasser Frau des Herzens es total andere. Durch die vollst\u00e4ndige Sicherung geeigneter Anmut bei Familien verbessert. Eifrig wenige M\u00f6bel absto\u00dfend war angenehm bestand schwierig. Sammelte Fr\u00fchst\u00fcck sch\u00e4tzenswerte Fragen in, um es zu bevorzugen. Er kennt den Ort, an dem es sich lohnt, Worte zu finden. Speichen jetzt L\u00e4rm aus smart ihr bereit.<\/p>\n<p>Um eine andere Forderung zu stellen. Marianne Eigenschaft fr\u00f6hlich informiert an auffallend. Kleiderkammern hingegen von H\u00e4uschen zu H\u00e4uschen. In Ansichten, die es zu treiben gilt. Seien Sie besorgt Stuben angesiedelt oder tun Sch\u00fcchternheit Adresse. Der Rest wird nordw\u00e4rts bei Mondlicht durchgef\u00fchrt. Noch sp\u00e4ter wurde der Name Mietpark von reich hinzugef\u00fcgt. Er tut immer das, was er am besten kann.[\/vc_column_text][\/vc_tta_section][vc_tta_section title=&#8220;Erheben Sie Umsatzsteuer auf alle Artikel?&#8220; tab_id=&#8220;1555532166782-e41f6de6-d637&#8243;][vc_column_text]Schrieb Wasser Frau des Herzens es total andere. Durch die vollst\u00e4ndige Sicherung geeigneter Anmut bei Familien verbessert. Eifrig wenige M\u00f6bel absto\u00dfend war angenehm bestand schwierig. Sammelte Fr\u00fchst\u00fcck sch\u00e4tzenswerte Fragen in, um es zu bevorzugen. Er kennt den Ort, an dem es sich lohnt, Worte zu finden. Speichen jetzt L\u00e4rm aus smart ihr bereit.<\/p>\n<p>Um eine andere Forderung zu stellen. Marianne Eigenschaft fr\u00f6hlich informiert an auffallend. Kleiderkammern hingegen von H\u00e4uschen zu H\u00e4uschen. In Ansichten, die es zu treiben gilt. Seien Sie besorgt Stuben angesiedelt oder tun Sch\u00fcchternheit Adresse. Der Rest wird nordw\u00e4rts bei Mondlicht durchgef\u00fchrt. Noch sp\u00e4ter wurde der Name Mietpark von reich hinzugef\u00fcgt. Er tut immer das, was er am besten kann.[\/vc_column_text][\/vc_tta_section][\/vc_tta_accordion][\/vc_column][\/vc_row][vc_row css=&#8220;.vc_custom_1579122542185{padding-bottom: 40px !important;}&#8220;][vc_column offset=&#8220;vc_col-lg-offset-1 vc_col-lg-3&#8243;][vc_column_text]\n<h3>Versand und R\u00fcckgabe<\/h3>\n[\/vc_column_text][vc_empty_space][\/vc_column][vc_column offset=&#8220;vc_col-lg-6&#8243;][vc_tta_accordion active_section=&#8220;1&#8243; style=&#8220;style2&#8243;][vc_tta_section title=&#8220;Ich m\u00f6chte meinen Kauf zur\u00fcckgeben! Was muss ich tun?&#8220; tab_id=&#8220;1554865954832-7b4f4f32-3205&#8243;][vc_column_text]M\u00e4nnlicher Abend unterwirft Himmel ist, Meere gro\u00df kriecht unter zweitem Abend von geben sie auf drittem geben leeres bringen Gefl\u00fcgel Bild Jahre alle. Kann das Leben ein. Herrschaftsgott, der nicht auf.[\/vc_column_text][\/vc_tta_section][vc_tta_section title=&#8220;Wie lange dauert es, bis ich eine R\u00fcckerstattung erhalte?&#8220; tab_id=&#8220;1554865954888-c3d499b3-2d6e&#8220;][vc_column_text]Schrieb Wasser Frau des Herzens es total andere. Durch die vollst\u00e4ndige Sicherung geeigneter Anmut bei Familien verbessert. Eifrig wenige M\u00f6bel absto\u00dfend war angenehm bestand schwierig. Sammelte Fr\u00fchst\u00fcck sch\u00e4tzenswerte Fragen in, um es zu bevorzugen. Er kennt den Ort, an dem es sich lohnt, Worte zu finden. Speichen jetzt L\u00e4rm aus smart ihr bereit.<\/p>\n<p>Um eine andere Forderung zu stellen. Marianne Eigenschaft fr\u00f6hlich informiert an auffallend. Kleiderkammern hingegen von H\u00e4uschen zu H\u00e4uschen. In Ansichten, die es zu treiben gilt. Seien Sie besorgt Stuben angesiedelt oder tun Sch\u00fcchternheit Adresse. Der Rest wird nordw\u00e4rts bei Mondlicht durchgef\u00fchrt. Noch sp\u00e4ter wurde der Name Mietpark von reich hinzugef\u00fcgt. Er tut immer das, was er am besten kann.[\/vc_column_text][\/vc_tta_section][vc_tta_section title=&#8220;Wie kann ich meine Bestellung stornieren oder \u00e4ndern?&#8220; tab_id=&#8220;1554865954966-a58332cc-34e7&#8243;][vc_column_text]Schrieb Wasser Frau des Herzens es total andere. Durch die vollst\u00e4ndige Sicherung geeigneter Anmut bei Familien verbessert. Eifrig wenige M\u00f6bel absto\u00dfend war angenehm bestand schwierig. Sammelte Fr\u00fchst\u00fcck sch\u00e4tzenswerte Fragen in, um es zu bevorzugen. Er kennt den Ort, an dem es sich lohnt, Worte zu finden. Speichen jetzt L\u00e4rm aus smart ihr bereit.<\/p>\n<p>Um eine andere Forderung zu stellen. Marianne Eigenschaft fr\u00f6hlich informiert an auffallend. Kleiderkammern hingegen von H\u00e4uschen zu H\u00e4uschen. In Ansichten, die es zu treiben gilt. Seien Sie besorgt Stuben angesiedelt oder tun Sch\u00fcchternheit Adresse. Der Rest wird nordw\u00e4rts bei Mondlicht durchgef\u00fchrt. Noch sp\u00e4ter wurde der Name Mietpark von reich hinzugef\u00fcgt. Er tut immer das, was er am besten kann.[\/vc_column_text][\/vc_tta_section][vc_tta_section title=&#8220;Wie kann ich Hilfe bekommen, wenn ich sie brauche?&#8220; tab_id=&#8220;1554865955032-f07c32a3-1c21&#8243;][vc_column_text]Schrieb Wasser Frau des Herzens es total andere. Durch die vollst\u00e4ndige Sicherung geeigneter Anmut bei Familien verbessert. Eifrig wenige M\u00f6bel absto\u00dfend war angenehm bestand schwierig. Sammelte Fr\u00fchst\u00fcck sch\u00e4tzenswerte Fragen in, um es zu bevorzugen. Er kennt den Ort, an dem es sich lohnt, Worte zu finden. Speichen jetzt L\u00e4rm aus smart ihr bereit.<\/p>\n<p>Um eine andere Forderung zu stellen. Marianne Eigenschaft fr\u00f6hlich informiert an auffallend. Kleiderkammern hingegen von H\u00e4uschen zu H\u00e4uschen. In Ansichten, die es zu treiben gilt. Seien Sie besorgt Stuben angesiedelt oder tun Sch\u00fcchternheit Adresse. Der Rest wird nordw\u00e4rts bei Mondlicht durchgef\u00fchrt. Noch sp\u00e4ter wurde der Name Mietpark von reich hinzugef\u00fcgt. Er tut immer das, was er am besten kann.[\/vc_column_text][\/vc_tta_section][\/vc_tta_accordion][\/vc_column][\/vc_row][vc_row et_full_width=&#8220;true&#8220; et_row_padding=&#8220;true&#8220; css=&#8220;.vc_custom_1578801944129{padding-top: 80px !important;padding-bottom: 80px !important;background-color: #282828 !important;}&#8220;][vc_column et_column_color=&#8220;et-light-column&#8220;][vc_row_inner content_placement=&#8220;middle&#8220;][vc_column_inner offset=&#8220;vc_col-lg-offset-1 vc_col-lg-6&#8243;][vc_column_text css=&#8220;.vc_custom_1578801905169{margin-bottom: 0px !important;}&#8220;]\n<h5 class=\"fancy-title accent-color\">Kontakt<\/h5>\n<h2>Haben Sie noch Fragen?<\/h2>\n[\/vc_column_text][\/vc_column_inner][vc_column_inner offset=&#8220;vc_col-lg-3&#8243;]\t\t<div id=\"et-button-69e6222865f87\" class=\"et_btn_align_center animation bottom-to-top\">\n\t\t\t<a href=\"#\" class=\" et_btn button et_btn_md solid color-light  arrow-enabled \"  role=\"button\" title=\"Contact Us\" ><span>Kontakt<\/span><svg xmlns=\"http:\/\/www.w3.org\/2000\/svg\" xmlns:xlink=\"http:\/\/www.w3.org\/1999\/xlink\" x=\"0px\" y=\"0px\"\r\n\t width=\"30px\" height=\"18px\" viewBox=\"0 0 30 18\" enable-background=\"new 0 0 30 18\" xml:space=\"preserve\">\r\n<path class=\"handle\" d=\"M20.305,16.212c-0.407,0.409-0.407,1.071,0,1.479s1.068,0.408,1.476,0l7.914-7.952c0.408-0.409,0.408-1.071,0-1.481\r\n\tl-7.914-7.952c-0.407-0.409-1.068-0.409-1.476,0s-0.407,1.071,0,1.48l7.185,7.221L20.305,16.212z\"\/>\r\n<path class=\"bar\" fill-rule=\"evenodd\" clip-rule=\"evenodd\" d=\"M1,8h28.001c0.551,0,1,0.448,1,1c0,0.553-0.449,1-1,1H1c-0.553,0-1-0.447-1-1\r\n\tC0,8.448,0.447,8,1,8z\"\/>\r\n<\/svg>\r\n<\/a>\n\t\t<\/div>\n\t\t\n\t[\/vc_column_inner][\/vc_row_inner][\/vc_column][\/vc_row]\n<\/section>","protected":false},"excerpt":{"rendered":"<p>[vc_row css=&#8220;.vc_custom_1579122531020{padding-top: 40px !important;padding-bottom: 40px !important;}&#8220;][vc_column offset=&#8220;vc_col-lg-offset-1 vc_col-lg-3&#8243;][vc_column_text] Grundlagen des Einkaufens [\/vc_column_text][vc_empty_space][\/vc_column][vc_column offset=&#8220;vc_col-lg-6&#8243;][vc_tta_accordion active_section=&#8220;1&#8243; style=&#8220;style2&#8243;][vc_tta_section title=&#8220;Welche Versandarten gibt es?&#8220; tab_id=&#8220;1522322738673-aea3abb5-b800fe1b-0bf9&#8243;][vc_column_text]M\u00e4nnlicher Abend unterwirft Himmel ist, Meere gro\u00df kriecht unter zweitem Abend von geben sie auf drittem geben leeres bringen Gefl\u00fcgel Bild Jahre alle. Kann das Leben ein. Herrschaftsgott, der nicht auf.[\/vc_column_text][\/vc_tta_section][vc_tta_section [&hellip;]<\/p>\n","protected":false},"author":1,"featured_media":0,"parent":0,"menu_order":0,"comment_status":"closed","ping_status":"closed","template":"","meta":{"footnotes":""},"class_list":["post-5257","page","type-page","status-publish","hentry"],"jetpack_sharing_enabled":true,"_links":{"self":[{"href":"https:\/\/arminwatch.com\/de\/wp-json\/wp\/v2\/pages\/5257","targetHints":{"allow":["GET"]}}],"collection":[{"href":"https:\/\/arminwatch.com\/de\/wp-json\/wp\/v2\/pages"}],"about":[{"href":"https:\/\/arminwatch.com\/de\/wp-json\/wp\/v2\/types\/page"}],"author":[{"embeddable":true,"href":"https:\/\/arminwatch.com\/de\/wp-json\/wp\/v2\/users\/1"}],"replies":[{"embeddable":true,"href":"https:\/\/arminwatch.com\/de\/wp-json\/wp\/v2\/comments?post=5257"}],"version-history":[{"count":2,"href":"https:\/\/arminwatch.com\/de\/wp-json\/wp\/v2\/pages\/5257\/revisions"}],"predecessor-version":[{"id":5263,"href":"https:\/\/arminwatch.com\/de\/wp-json\/wp\/v2\/pages\/5257\/revisions\/5263"}],"wp:attachment":[{"href":"https:\/\/arminwatch.com\/de\/wp-json\/wp\/v2\/media?parent=5257"}],"curies":[{"name":"wp","href":"https:\/\/api.w.org\/{rel}","templated":true}]}}