{"id":5247,"date":"2019-07-24T01:37:17","date_gmt":"2019-07-23T23:37:17","guid":{"rendered":"https:\/\/arminwatch.com\/index.php\/ueber-uns\/"},"modified":"2024-01-03T12:24:07","modified_gmt":"2024-01-03T11:24:07","slug":"ueber-uns","status":"publish","type":"page","link":"https:\/\/arminwatch.com\/de\/ueber-uns\/","title":{"rendered":"\u00dcber uns"},"content":{"rendered":"<section class=\"wpb-content-wrapper\">[vc_row et_full_width=&#8220;true&#8220; et_row_padding=&#8220;true&#8220; et_column_align=&#8220;align-center&#8220; parallax=&#8220;content-moving&#8220;][vc_column et_column_color=&#8220;et-light-column&#8220;]\r\n\t\t<div class=\"et-banner-69e627cc4c133 et-banner content-full  image-type-css vh-height text-color-light hover-effect hover-zoom \"><div class=\"et-banner-image\" role=\"img\" aria-label=\"DSC_9053-1-1-scaled\" data-image=\"https:\/\/arminwatch.com\/wp-content\/uploads\/2023\/09\/DSC_9053-1-1-scaled-1.jpg\" style=\"background-image: url(https:\/\/arminwatch.com\/wp-content\/uploads\/2023\/09\/DSC_9053-1-1-scaled-1.jpg);\"><\/div>\r\n\t\t\t<div class=\"et-banner-content\">\r\n\t\t\t\t<div class=\"et-banner-content-inner container\">\r\n\t\t\t\t\t<div class=\"et-banner-text h_center v_center align_center\">\r\n\t\t\t\t\t\t<div class=\"et-banner-text-inner animated\" data-animate=\"et-fadeInUp\"><h2 class=\"et-banner-title color- xlarge\">\u00dcber uns<\/h2><h4 class=\"et-banner-subtitle  color- text_style\">Armin Watch<\/h4><div class=\"et-banner-paragraph\"><p>Hochwertige Uhren zu entwerfen ist unsere Leidenschaft. Wir bieten sehr hochwertige Uhren an.<\/p>\n<\/div><\/div>\r\n\t\t\t\t\t<\/div>\r\n\t\t\t\t<\/div>\r\n\t\t\t<\/div>\r\n\t\t<\/div>[\/vc_column][\/vc_row][vc_row et_column_align=&#8220;align-center&#8220; css=&#8220;.vc_custom_1579121915525{padding-top: 60px !important;padding-bottom: 40px !important;}&#8220;][vc_column animation=&#8220;animation bottom-to-top&#8220; offset=&#8220;vc_col-lg-8&#8243;][vc_row_inner et_column_align=&#8220;align-center&#8220;][vc_column_inner][vc_column_text]\n<h2>Armin Watch<\/h2>\n[\/vc_column_text][vc_column_text]Hochwertige Uhren zu entwerfen ist unsere Leidenschaft. Wir bieten sehr hochwertige Uhren an.<\/p>\n<p>Unsere Manufaktur befindet sich in La Chaux de Fonds, im Herzen der Uhrenregion. Unsere Uhren unterliegen sehr anspruchsvollen Spezifikationen und sind einzigartig in ihrer Art.[\/vc_column_text][\/vc_column_inner][\/vc_row_inner][vc_row_inner et_column_align=&#8220;align-center&#8220;][vc_column_inner width=&#8220;1\/3&#8243;][vc_column_text]\n<h4 class=\"vc_custom_heading\">Unser Auftrag<\/h4>\n[\/vc_column_text][\/vc_column_inner][vc_column_inner width=&#8220;2\/3&#8243;][vc_column_text]Die Marke Armin wurde im Watch Valley im Herzen der Wiege der mechanischen Uhrmacherei geboren.<br \/>\nDas Konzept bietet Qualit\u00e4tsuhren zu unschlagbaren Preisen, mit Stil und Charme.[\/vc_column_text][\/vc_column_inner][\/vc_row_inner][vc_row_inner et_column_align=&#8220;align-center&#8220;][vc_column_inner width=&#8220;1\/3&#8243;][vc_column_text]\n<h4 class=\"vc_custom_heading\">Unsere Vision<\/h4>\n[\/vc_column_text][\/vc_column_inner][vc_column_inner width=&#8220;2\/3&#8243;][vc_column_text]Unsere Herausforderung besteht darin, unseren zuk\u00fcnftigen Kunden die M\u00f6glichkeit zu bieten, Markenbotschafter zu werden und Belohnungen zu erhalten. Unser Hauptziel ist es, eine Win-Win-Community zusammenzubringen[\/vc_column_text][\/vc_column_inner][\/vc_row_inner][vc_single_image image=&#8220;4135&#8243; img_size=&#8220;full&#8220;][\/vc_column][\/vc_row][vc_row disable_element=&#8220;yes&#8220; css=&#8220;.vc_custom_1695270988318{background-image: url(https:\/\/arminwatch.com\/wp-content\/uploads\/2019\/07\/BacchusProd_ARMIN_BACK_Aout2023-copie-scaled-e1695270595224.jpg?id=4135) !important;background-position: center !important;background-repeat: no-repeat !important;background-size: cover !important;}&#8220;][vc_column][vc_row_inner et_max_width=&#8220;&#8220; css=&#8220;.vc_custom_1695270671986{background-position: center !important;background-repeat: no-repeat !important;background-size: cover !important;}&#8220;][vc_column_inner animation=&#8220;animation bottom-to-top&#8220;][vc_empty_space height=&#8220;432px&#8220;][vc_empty_space height=&#8220;432px&#8220;][\/vc_column_inner][vc_column_inner][\/vc_column_inner][\/vc_row_inner][\/vc_column][\/vc_row][vc_row et_column_align=&#8220;align-center&#8220; css=&#8220;.vc_custom_1704121282226{padding-top: 60px !important;padding-bottom: 60px !important;}&#8220;][vc_column offset=&#8220;vc_col-lg-8&#8243;][vc_column_text]\n<h2>CEO<\/h2>\n[\/vc_column_text][vc_column_text]Die Marke Armin Watch wurde 2022 von Armin Arnautovic gegr\u00fcndet. Mit Leidenschaft f\u00fcr Uhren und umgeben von einem Team erfahrener Experten mit echter Liebe zum Beruf kreieren wir au\u00dfergew\u00f6hnliche Uhren f\u00fcr Sie. Das Motto ist, \u00fcber den Alltag hinauszugehen, um unsere Leidenschaft f\u00fcr die Schweizer Uhrmacherei zu steigern.[\/vc_column_text][vc_row_inner][vc_column_inner]  <div class=\"et-team-member animation bottom-to-top\">\n  \t<div class=\"et-team-member-image default\">\n\t  \t<figure style=\"background-image:url('https:\/\/arminwatch.com\/wp-content\/uploads\/2024\/01\/IMG-20231227-WA0000-e1704121633408-796x1024.jpg')\">\n\t\t \t\t<div class=\"overlay\">\n\t\t\t\t\t<div class=\"et-member-social\">\n\t\t\t\t\t\t\t\t\t\t\t\t\t<a href=\"#\" class=\"facebook\" target=\"_blank\"><span class=\"et-icon et-facebook\"><\/span><\/a>\n\t\t\t\t\t\t\t\t\t\t\t\t\t\t\t\t\t\t\t<a href=\"#\" class=\"twitter\" target=\"_blank\"><span class=\"et-icon et-twitter\"><\/span><\/a>\n\t\t\t\t\t\t\t\t\t\t\t\t\t\t\t\t\t\t\t<a href=\"#\" class=\"pinterest\" target=\"_blank\"><span class=\"et-icon et-pinterest\"><\/span><\/a>\n\t\t\t\t\t\t\t\t\t\t\t\t\t\t\t\t\t\t\t\t\t\t\t\t\t\t\t\t\t<\/div>\n\t\t\t\t<\/div>\n\t  \t<\/figure>\n\t\t<\/div>\n\t\t<div class=\"et-member-information\">\n\t\t\t\t\t\t\t<h5>Armin Arnautovic<\/h5>\n\t\t\t\t  \t\t  \t\t<p>Gr\u00fcnder und CEO<\/p>\n\t  \t  \t<\/div>\n\t<\/div>\n  [\/vc_column_inner][\/vc_row_inner][\/vc_column][\/vc_row]\n<\/section>","protected":false},"excerpt":{"rendered":"<p>[vc_row et_full_width=&#8220;true&#8220; et_row_padding=&#8220;true&#8220; et_column_align=&#8220;align-center&#8220; parallax=&#8220;content-moving&#8220;][vc_column et_column_color=&#8220;et-light-column&#8220;][\/vc_column][\/vc_row][vc_row et_column_align=&#8220;align-center&#8220; css=&#8220;.vc_custom_1579121915525{padding-top: 60px !important;padding-bottom: 40px !important;}&#8220;][vc_column animation=&#8220;animation bottom-to-top&#8220; offset=&#8220;vc_col-lg-8&#8243;][vc_row_inner et_column_align=&#8220;align-center&#8220;][vc_column_inner][vc_column_text] Armin Watch [\/vc_column_text][vc_column_text]Hochwertige Uhren zu entwerfen ist unsere Leidenschaft. Wir bieten sehr hochwertige Uhren an. Unsere Manufaktur befindet sich in La Chaux de Fonds, im Herzen der Uhrenregion. Unsere Uhren unterliegen sehr anspruchsvollen Spezifikationen [&hellip;]<\/p>\n","protected":false},"author":1,"featured_media":0,"parent":0,"menu_order":0,"comment_status":"closed","ping_status":"closed","template":"","meta":{"footnotes":""},"class_list":["post-5247","page","type-page","status-publish","hentry"],"jetpack_sharing_enabled":true,"_links":{"self":[{"href":"https:\/\/arminwatch.com\/de\/wp-json\/wp\/v2\/pages\/5247","targetHints":{"allow":["GET"]}}],"collection":[{"href":"https:\/\/arminwatch.com\/de\/wp-json\/wp\/v2\/pages"}],"about":[{"href":"https:\/\/arminwatch.com\/de\/wp-json\/wp\/v2\/types\/page"}],"author":[{"embeddable":true,"href":"https:\/\/arminwatch.com\/de\/wp-json\/wp\/v2\/users\/1"}],"replies":[{"embeddable":true,"href":"https:\/\/arminwatch.com\/de\/wp-json\/wp\/v2\/comments?post=5247"}],"version-history":[{"count":40,"href":"https:\/\/arminwatch.com\/de\/wp-json\/wp\/v2\/pages\/5247\/revisions"}],"predecessor-version":[{"id":5673,"href":"https:\/\/arminwatch.com\/de\/wp-json\/wp\/v2\/pages\/5247\/revisions\/5673"}],"wp:attachment":[{"href":"https:\/\/arminwatch.com\/de\/wp-json\/wp\/v2\/media?parent=5247"}],"curies":[{"name":"wp","href":"https:\/\/api.w.org\/{rel}","templated":true}]}}